{"id":230,"date":"2020-12-07T12:07:14","date_gmt":"2020-12-07T12:07:14","guid":{"rendered":"http:\/\/dev.advabrahamsson.se\/?page_id=230"},"modified":"2021-01-10T22:12:40","modified_gmt":"2021-01-10T22:12:40","slug":"brottmal","status":"publish","type":"page","link":"https:\/\/advabrahamsson.se\/en\/brottmal\/","title":{"rendered":"Criminal law"},"content":{"rendered":"<p>[et_pb_section fb_built=&#8221;1&#8243; _builder_version=&#8221;4.7.4&#8243; _module_preset=&#8221;default&#8221;][et_pb_row column_structure=&#8221;3_4,1_4&#8243; _builder_version=&#8221;4.7.7&#8243; _module_preset=&#8221;default&#8221;][et_pb_column type=&#8221;3_4&#8243; _builder_version=&#8221;4.7.4&#8243; _module_preset=&#8221;default&#8221;][et_pb_text _builder_version=&#8221;4.7.7&#8243; _module_preset=&#8221;default&#8221; header_line_height=&#8221;1.7em&#8221; hover_enabled=&#8221;0&#8243; sticky_enabled=&#8221;0&#8243;]<\/p>\n<div id=\"lipsum\">\n<h1>Brottm\u00e5l<\/h1>\n<h3>Offentlig f\u00f6rsvarare<\/h3>\n<p>Om du \u00e4r misst\u00e4nkt f\u00f6r brott har du i m\u00e5nga fall r\u00e4tt till en offentlig f\u00f6rsvarare. En offentlig f\u00f6rsvarare utses av domstolen, men du sj\u00e4lv har r\u00e4tt att v\u00e4lja vilken advokat som ska utses. Som misst\u00e4nkt blir man ofta tillfr\u00e5gad om man \u00f6nskar en offentlig f\u00f6rsvarare, och i s\u00e5dant fall vilken advokat som \u00f6nskas.<\/p>\n<p>Vi ser stora f\u00f6rdelar med att den som \u00e4r misst\u00e4nkt f\u00f6r ett brott s\u00e5 tidigt som m\u00f6jligt konsulterar en f\u00f6rsvarare samt att f\u00f6rsvararen \u00e4r med p\u00e5 samtliga polisf\u00f6rh\u00f6r. Om du har blivit kallad till polisf\u00f6rh\u00f6r och \u00e4nnu inte har f\u00e5tt en advokat kan du ringa till polisen som ska h\u00e5lla f\u00f6rh\u00f6ret och beg\u00e4ra detta. Du kan ocks\u00e5 ringa till advokatbyr\u00e5n s\u00e5 kan vi hj\u00e4lpa dig med detta.<\/p>\n<p>Kostnaden f\u00f6r en offentlig f\u00f6rsvarare betalas av staten. Om du frik\u00e4nns stannar beh\u00f6ver du inte \u00e5terbetala n\u00e5got av denna kostnad. Om du blir d\u00f6md kan d\u00e5 bli skyldig att betala hela eller delar av kostnaden till staten, beroende p\u00e5 utfallet och din inkomst.<\/p>\n<p>&nbsp;<\/p>\n<h3>Privat f\u00f6rsvarare<\/h3>\n<p>I vissa brottm\u00e5l bed\u00f6mer domstolen att den misst\u00e4nkte ska ha r\u00e4tt till en advokat som bekostas av statliga medel. Det beror oftast p\u00e5 att brottsmisstanken \u00e4r av ett mindre allvarligt slag. Om du som klient \u00e4nd\u00e5 k\u00e4nner ett behov av att konsultera eller bitr\u00e4das av en f\u00f6rsvarare kan vi \u00e5ta oss att f\u00f6retr\u00e4da dig. Om du ska f\u00f6rh\u00f6ras av polis eller genomg\u00e5 en r\u00e4tteg\u00e5ng har du alltid r\u00e4tt att f\u00f6retr\u00e4das av advokat om du sj\u00e4lv \u00f6nskar det. Det \u00e4r du sj\u00e4lv som st\u00e5r f\u00f6r kostnaden f\u00f6r f\u00f6rsvararen, dock kan du f\u00e5 ers\u00e4ttning f\u00f6r kostnaden om du blir frik\u00e4nd.<\/p>\n<p>&nbsp;<\/p>\n<h3>M\u00e5ls\u00e4gandebitr\u00e4de<\/h3>\n<p>Du som har blivit utsatt f\u00f6r ett brott har i m\u00e5nga fall r\u00e4tt att f\u00e5 ett m\u00e5ls\u00e4gandebitr\u00e4de utsett. M\u00e5ls\u00e4gandebitr\u00e4dets uppgift \u00e4r att st\u00f6tta dig som brottsoffer och tillvarata dina r\u00e4ttigheter. M\u00e5ls\u00e4gandebitr\u00e4det hj\u00e4lper ocks\u00e5 till med din r\u00e4tt till skadest\u00e5nd. Det \u00e4r \u00e4ven h\u00e4r viktigt att minnas att du sj\u00e4lv har r\u00e4tt att v\u00e4lja vem du \u00f6nskar f\u00f6retr\u00e4das av. Kostnaden f\u00f6r ett m\u00e5ls\u00e4gandebitr\u00e4de betalas av staten.<\/p>\n<\/div>\n<p>[\/et_pb_text][\/et_pb_column][et_pb_column type=&#8221;1_4&#8243; _builder_version=&#8221;4.7.4&#8243; _module_preset=&#8221;default&#8221;][et_pb_text _builder_version=&#8221;4.7.7&#8243; _module_preset=&#8221;default&#8221; text_line_height=&#8221;0.9em&#8221; custom_margin=&#8221;13px||||false|false&#8221; custom_padding=&#8221;||0px|5px||&#8221;]<\/p>\n<h3>R\u00e4ttsomr\u00e5den<\/h3>\n<p>[\/et_pb_text][et_pb_text _builder_version=&#8221;4.7.7&#8243; _dynamic_attributes=&#8221;link_option_url&#8221; _module_preset=&#8221;default&#8221; text_line_height=&#8221;0.9em&#8221; custom_padding=&#8221;||0px|5px||&#8221; link_option_url=&#8221;@ET-DC@eyJkeW5hbWljIjp0cnVlLCJjb250ZW50IjoicG9zdF9saW5rX3VybF9wYWdlIiwic2V0dGluZ3MiOnsicG9zdF9pZCI6IjIzMCJ9fQ==@&#8221;]<\/p>\n<p>Brottm\u00e5l\u00a0<\/p>\n<p>[\/et_pb_text][et_pb_text _builder_version=&#8221;4.7.7&#8243; _dynamic_attributes=&#8221;link_option_url&#8221; _module_preset=&#8221;default&#8221; text_line_height=&#8221;0.9em&#8221; custom_padding=&#8221;||0px|5px||&#8221; link_option_url=&#8221;@ET-DC@eyJkeW5hbWljIjp0cnVlLCJjb250ZW50IjoicG9zdF9saW5rX3VybF9wYWdlIiwic2V0dGluZ3MiOnsicG9zdF9pZCI6IjMyMyJ9fQ==@&#8221;]<\/p>\n<p>Familjer\u00e4tt<\/p>\n<p>[\/et_pb_text][et_pb_text _builder_version=&#8221;4.7.7&#8243; _dynamic_attributes=&#8221;link_option_url&#8221; _module_preset=&#8221;default&#8221; text_line_height=&#8221;0.9em&#8221; custom_padding=&#8221;||0px|5px||&#8221; link_option_url=&#8221;@ET-DC@eyJkeW5hbWljIjp0cnVlLCJjb250ZW50IjoicG9zdF9saW5rX3VybF9wYWdlIiwic2V0dGluZ3MiOnsicG9zdF9pZCI6IjM0NyJ9fQ==@&#8221;]<\/p>\n<p>Socialr\u00e4tt<\/p>\n<p>[\/et_pb_text][et_pb_text _builder_version=&#8221;4.7.7&#8243; _dynamic_attributes=&#8221;link_option_url&#8221; _module_preset=&#8221;default&#8221; text_line_height=&#8221;0.9em&#8221; custom_padding=&#8221;||0px|5px||&#8221; link_option_url=&#8221;@ET-DC@eyJkeW5hbWljIjp0cnVlLCJjb250ZW50IjoicG9zdF9saW5rX3VybF9wYWdlIiwic2V0dGluZ3MiOnsicG9zdF9pZCI6IjM1MCJ9fQ==@&#8221;]<\/p>\n<p class=\"et_pb_module_header\">Allm\u00e4n praktik och tvister<\/p>\n<p>[\/et_pb_text][\/et_pb_column][\/et_pb_row][\/et_pb_section]<\/p>\n","protected":false},"excerpt":{"rendered":"<p>Brottm\u00e5l Offentlig f\u00f6rsvarare Om du \u00e4r misst\u00e4nkt f\u00f6r brott har du i m\u00e5nga fall r\u00e4tt till en offentlig f\u00f6rsvarare. En offentlig f\u00f6rsvarare utses av domstolen, men du sj\u00e4lv har r\u00e4tt att v\u00e4lja vilken advokat som ska utses. Som misst\u00e4nkt blir man ofta tillfr\u00e5gad om man \u00f6nskar en offentlig f\u00f6rsvarare, och i s\u00e5dant fall vilken advokat [&hellip;]<\/p>\n","protected":false},"author":1,"featured_media":0,"parent":0,"menu_order":0,"comment_status":"closed","ping_status":"closed","template":"","meta":{"_et_pb_use_builder":"on","_et_pb_old_content":"<!-- wp:divi\/placeholder \/-->","_et_gb_content_width":"","footnotes":""},"class_list":["post-230","page","type-page","status-publish","hentry"],"yoast_head":"<!-- This site is optimized with the Yoast SEO plugin v27.4 - https:\/\/yoast.com\/product\/yoast-seo-wordpress\/ -->\n<title>Brottm\u00e5l | Advokaterna Abrahamsson Soner<\/title>\n<meta name=\"robots\" content=\"index, follow, max-snippet:-1, max-image-preview:large, max-video-preview:-1\" \/>\n<link rel=\"canonical\" href=\"https:\/\/advabrahamsson.se\/en\/brottmal\/\" \/>\n<meta property=\"og:locale\" content=\"en_GB\" \/>\n<meta property=\"og:type\" content=\"article\" \/>\n<meta property=\"og:title\" content=\"Brottm\u00e5l | Advokaterna Abrahamsson Soner\" \/>\n<meta property=\"og:description\" content=\"Brottm\u00e5l Offentlig f\u00f6rsvarare Om du \u00e4r misst\u00e4nkt f\u00f6r brott har du i m\u00e5nga fall r\u00e4tt till en offentlig f\u00f6rsvarare. En offentlig f\u00f6rsvarare utses av domstolen, men du sj\u00e4lv har r\u00e4tt att v\u00e4lja vilken advokat som ska utses. Som misst\u00e4nkt blir man ofta tillfr\u00e5gad om man \u00f6nskar en offentlig f\u00f6rsvarare, och i s\u00e5dant fall vilken advokat [&hellip;]\" \/>\n<meta property=\"og:url\" content=\"https:\/\/advabrahamsson.se\/en\/brottmal\/\" \/>\n<meta property=\"og:site_name\" content=\"Advokaterna Abrahamsson Soner\" \/>\n<meta property=\"article:publisher\" content=\"https:\/\/www.facebook.com\/advokatabrahamsson\" \/>\n<meta property=\"article:modified_time\" content=\"2021-01-10T22:12:40+00:00\" \/>\n<meta property=\"og:image\" content=\"https:\/\/advabrahamsson.se\/wp-content\/uploads\/2021\/01\/CS_Soner_18sep2020-25-scaled.jpg\" \/>\n\t<meta property=\"og:image:width\" content=\"2560\" \/>\n\t<meta property=\"og:image:height\" content=\"1440\" \/>\n\t<meta property=\"og:image:type\" content=\"image\/jpeg\" \/>\n<meta name=\"twitter:card\" content=\"summary_large_image\" \/>\n<meta name=\"twitter:label1\" content=\"Estimated reading time\" \/>\n\t<meta name=\"twitter:data1\" content=\"4 minutes\" \/>\n<script type=\"application\/ld+json\" class=\"yoast-schema-graph\">{\"@context\":\"https:\\\/\\\/schema.org\",\"@graph\":[{\"@type\":\"WebPage\",\"@id\":\"https:\\\/\\\/advabrahamsson.se\\\/brottmal\\\/\",\"url\":\"https:\\\/\\\/advabrahamsson.se\\\/brottmal\\\/\",\"name\":\"Brottm\u00e5l | Advokaterna Abrahamsson Soner\",\"isPartOf\":{\"@id\":\"https:\\\/\\\/advabrahamsson.se\\\/#website\"},\"datePublished\":\"2020-12-07T12:07:14+00:00\",\"dateModified\":\"2021-01-10T22:12:40+00:00\",\"breadcrumb\":{\"@id\":\"https:\\\/\\\/advabrahamsson.se\\\/brottmal\\\/#breadcrumb\"},\"inLanguage\":\"en-GB\",\"potentialAction\":[{\"@type\":\"ReadAction\",\"target\":[\"https:\\\/\\\/advabrahamsson.se\\\/brottmal\\\/\"]}]},{\"@type\":\"BreadcrumbList\",\"@id\":\"https:\\\/\\\/advabrahamsson.se\\\/brottmal\\\/#breadcrumb\",\"itemListElement\":[{\"@type\":\"ListItem\",\"position\":1,\"name\":\"Hem\",\"item\":\"https:\\\/\\\/advabrahamsson.se\\\/\"},{\"@type\":\"ListItem\",\"position\":2,\"name\":\"Brottm\u00e5l\"}]},{\"@type\":\"WebSite\",\"@id\":\"https:\\\/\\\/advabrahamsson.se\\\/#website\",\"url\":\"https:\\\/\\\/advabrahamsson.se\\\/\",\"name\":\"Advokaterna Abrahamsson Soner\",\"description\":\"Dina r\u00e4ttigheter. V\u00e5rt uppdrag.\",\"publisher\":{\"@id\":\"https:\\\/\\\/advabrahamsson.se\\\/#organization\"},\"potentialAction\":[{\"@type\":\"SearchAction\",\"target\":{\"@type\":\"EntryPoint\",\"urlTemplate\":\"https:\\\/\\\/advabrahamsson.se\\\/?s={search_term_string}\"},\"query-input\":{\"@type\":\"PropertyValueSpecification\",\"valueRequired\":true,\"valueName\":\"search_term_string\"}}],\"inLanguage\":\"en-GB\"},{\"@type\":\"Organization\",\"@id\":\"https:\\\/\\\/advabrahamsson.se\\\/#organization\",\"name\":\"Advokaterna Abrahamsson Soner\",\"url\":\"https:\\\/\\\/advabrahamsson.se\\\/\",\"logo\":{\"@type\":\"ImageObject\",\"inLanguage\":\"en-GB\",\"@id\":\"https:\\\/\\\/advabrahamsson.se\\\/#\\\/schema\\\/logo\\\/image\\\/\",\"url\":\"https:\\\/\\\/advabrahamsson.se\\\/wp-content\\\/uploads\\\/2020\\\/11\\\/Adv-Abrahamsson-color.png\",\"contentUrl\":\"https:\\\/\\\/advabrahamsson.se\\\/wp-content\\\/uploads\\\/2020\\\/11\\\/Adv-Abrahamsson-color.png\",\"width\":800,\"height\":451,\"caption\":\"Advokaterna Abrahamsson Soner\"},\"image\":{\"@id\":\"https:\\\/\\\/advabrahamsson.se\\\/#\\\/schema\\\/logo\\\/image\\\/\"},\"sameAs\":[\"https:\\\/\\\/www.facebook.com\\\/advokatabrahamsson\",\"https:\\\/\\\/www.instagram.com\\\/advokat.abrahamsson.soner\\\/\"]}]}<\/script>\n<!-- \/ Yoast SEO plugin. -->","yoast_head_json":{"title":"Brottm\u00e5l | Advokaterna Abrahamsson Soner","robots":{"index":"index","follow":"follow","max-snippet":"max-snippet:-1","max-image-preview":"max-image-preview:large","max-video-preview":"max-video-preview:-1"},"canonical":"https:\/\/advabrahamsson.se\/en\/brottmal\/","og_locale":"en_GB","og_type":"article","og_title":"Brottm\u00e5l | Advokaterna Abrahamsson Soner","og_description":"Brottm\u00e5l Offentlig f\u00f6rsvarare Om du \u00e4r misst\u00e4nkt f\u00f6r brott har du i m\u00e5nga fall r\u00e4tt till en offentlig f\u00f6rsvarare. En offentlig f\u00f6rsvarare utses av domstolen, men du sj\u00e4lv har r\u00e4tt att v\u00e4lja vilken advokat som ska utses. Som misst\u00e4nkt blir man ofta tillfr\u00e5gad om man \u00f6nskar en offentlig f\u00f6rsvarare, och i s\u00e5dant fall vilken advokat [&hellip;]","og_url":"https:\/\/advabrahamsson.se\/en\/brottmal\/","og_site_name":"Advokaterna Abrahamsson Soner","article_publisher":"https:\/\/www.facebook.com\/advokatabrahamsson","article_modified_time":"2021-01-10T22:12:40+00:00","og_image":[{"width":2560,"height":1440,"url":"https:\/\/advabrahamsson.se\/wp-content\/uploads\/2021\/01\/CS_Soner_18sep2020-25-scaled.jpg","type":"image\/jpeg"}],"twitter_card":"summary_large_image","twitter_misc":{"Estimated reading time":"4 minutes"},"schema":{"@context":"https:\/\/schema.org","@graph":[{"@type":"WebPage","@id":"https:\/\/advabrahamsson.se\/brottmal\/","url":"https:\/\/advabrahamsson.se\/brottmal\/","name":"Brottm\u00e5l | Advokaterna Abrahamsson Soner","isPartOf":{"@id":"https:\/\/advabrahamsson.se\/#website"},"datePublished":"2020-12-07T12:07:14+00:00","dateModified":"2021-01-10T22:12:40+00:00","breadcrumb":{"@id":"https:\/\/advabrahamsson.se\/brottmal\/#breadcrumb"},"inLanguage":"en-GB","potentialAction":[{"@type":"ReadAction","target":["https:\/\/advabrahamsson.se\/brottmal\/"]}]},{"@type":"BreadcrumbList","@id":"https:\/\/advabrahamsson.se\/brottmal\/#breadcrumb","itemListElement":[{"@type":"ListItem","position":1,"name":"Hem","item":"https:\/\/advabrahamsson.se\/"},{"@type":"ListItem","position":2,"name":"Brottm\u00e5l"}]},{"@type":"WebSite","@id":"https:\/\/advabrahamsson.se\/#website","url":"https:\/\/advabrahamsson.se\/","name":"Advokaterna Abrahamsson Soner","description":"Dina r\u00e4ttigheter. V\u00e5rt uppdrag.","publisher":{"@id":"https:\/\/advabrahamsson.se\/#organization"},"potentialAction":[{"@type":"SearchAction","target":{"@type":"EntryPoint","urlTemplate":"https:\/\/advabrahamsson.se\/?s={search_term_string}"},"query-input":{"@type":"PropertyValueSpecification","valueRequired":true,"valueName":"search_term_string"}}],"inLanguage":"en-GB"},{"@type":"Organization","@id":"https:\/\/advabrahamsson.se\/#organization","name":"Advokaterna Abrahamsson Soner","url":"https:\/\/advabrahamsson.se\/","logo":{"@type":"ImageObject","inLanguage":"en-GB","@id":"https:\/\/advabrahamsson.se\/#\/schema\/logo\/image\/","url":"https:\/\/advabrahamsson.se\/wp-content\/uploads\/2020\/11\/Adv-Abrahamsson-color.png","contentUrl":"https:\/\/advabrahamsson.se\/wp-content\/uploads\/2020\/11\/Adv-Abrahamsson-color.png","width":800,"height":451,"caption":"Advokaterna Abrahamsson Soner"},"image":{"@id":"https:\/\/advabrahamsson.se\/#\/schema\/logo\/image\/"},"sameAs":["https:\/\/www.facebook.com\/advokatabrahamsson","https:\/\/www.instagram.com\/advokat.abrahamsson.soner\/"]}]}},"_links":{"self":[{"href":"https:\/\/advabrahamsson.se\/en\/wp-json\/wp\/v2\/pages\/230","targetHints":{"allow":["GET"]}}],"collection":[{"href":"https:\/\/advabrahamsson.se\/en\/wp-json\/wp\/v2\/pages"}],"about":[{"href":"https:\/\/advabrahamsson.se\/en\/wp-json\/wp\/v2\/types\/page"}],"author":[{"embeddable":true,"href":"https:\/\/advabrahamsson.se\/en\/wp-json\/wp\/v2\/users\/1"}],"replies":[{"embeddable":true,"href":"https:\/\/advabrahamsson.se\/en\/wp-json\/wp\/v2\/comments?post=230"}],"version-history":[{"count":13,"href":"https:\/\/advabrahamsson.se\/en\/wp-json\/wp\/v2\/pages\/230\/revisions"}],"predecessor-version":[{"id":515,"href":"https:\/\/advabrahamsson.se\/en\/wp-json\/wp\/v2\/pages\/230\/revisions\/515"}],"wp:attachment":[{"href":"https:\/\/advabrahamsson.se\/en\/wp-json\/wp\/v2\/media?parent=230"}],"curies":[{"name":"wp","href":"https:\/\/api.w.org\/{rel}","templated":true}]}}