{"id":262,"date":"2020-12-07T13:57:46","date_gmt":"2020-12-07T13:57:46","guid":{"rendered":"http:\/\/dev.advabrahamsson.se\/?page_id=262"},"modified":"2021-01-21T07:18:48","modified_gmt":"2021-01-21T07:18:48","slug":"mikael-abrahamsson","status":"publish","type":"page","link":"https:\/\/advabrahamsson.se\/en\/mikael-abrahamsson\/","title":{"rendered":"Mikael Abrahamsson"},"content":{"rendered":"<p>[et_pb_section fb_built=&#8221;1&#8243; _builder_version=&#8221;4.7.4&#8243; _module_preset=&#8221;default&#8221;][et_pb_row _builder_version=&#8221;4.7.7&#8243; _module_preset=&#8221;default&#8221; transform_scale_tablet=&#8221;&#8221; transform_scale_phone=&#8221;&#8221; transform_scale_last_edited=&#8221;on|desktop&#8221; transform_translate=&#8221;-45px|0px&#8221; transform_translate_tablet=&#8221;41px|0px&#8221; transform_translate_phone=&#8221;&#8221; transform_translate_last_edited=&#8221;on|phone&#8221; transform_translate_linked=&#8221;off&#8221; transform_rotate_tablet=&#8221;&#8221; transform_rotate_phone=&#8221;&#8221; transform_rotate_last_edited=&#8221;on|desktop&#8221; transform_skew_tablet=&#8221;&#8221; transform_skew_phone=&#8221;&#8221; transform_skew_last_edited=&#8221;on|desktop&#8221; transform_origin_tablet=&#8221;&#8221; transform_origin_phone=&#8221;&#8221; transform_origin_last_edited=&#8221;on|desktop&#8221; transform_styles_last_edited=&#8221;on|phone&#8221; module_alignment=&#8221;left&#8221; custom_margin=&#8221;|||0px|false|false&#8221; custom_padding=&#8221;0px||0px|||&#8221; transform_styles_tablet=&#8221;&#8221; transform_styles_phone=&#8221;&#8221;][et_pb_column type=&#8221;4_4&#8243; _builder_version=&#8221;4.7.4&#8243; _module_preset=&#8221;default&#8221;][et_pb_blurb use_icon=&#8221;on&#8221; font_icon=&#8221;%%27%%&#8221; icon_color=&#8221;#514707&#8243; icon_placement=&#8221;left&#8221; use_icon_font_size=&#8221;on&#8221; icon_font_size=&#8221;23px&#8221; _builder_version=&#8221;4.8.1&#8243; _module_preset=&#8221;default&#8221; body_font=&#8221;Lora||||||||&#8221; body_text_color=&#8221;#000000&#8243; body_line_height=&#8221;1.8em&#8221; module_alignment=&#8221;left&#8221; custom_margin_tablet=&#8221;&#8221; custom_margin_phone=&#8221;-20px||||false|false&#8221; custom_margin_last_edited=&#8221;on|phone&#8221; custom_padding=&#8221;||0px||false|false&#8221; link_option_url=&#8221;http:\/\/advabrahamsson.se\/#medarbetare&#8221; hover_enabled=&#8221;0&#8243; sticky_enabled=&#8221;0&#8243;]<\/p>\n<p>Tillbaka<\/p>\n<p>[\/et_pb_blurb][\/et_pb_column][\/et_pb_row][et_pb_row column_structure=&#8221;1_2,1_2&#8243; _builder_version=&#8221;4.7.4&#8243; _module_preset=&#8221;default&#8221;][et_pb_column type=&#8221;1_2&#8243; _builder_version=&#8221;4.7.4&#8243; _module_preset=&#8221;default&#8221;][et_pb_image src=&#8221;http:\/\/media.dev.advabrahamsson.se\/2021\/01\/CS_Soner_10jan_2021-scaled.jpg&#8221; title_text=&#8221;CS_Soner_10jan_2021&#8243; show_in_lightbox=&#8221;on&#8221; _builder_version=&#8221;4.7.7&#8243; _dynamic_attributes=&#8221;url&#8221; _module_preset=&#8221;default&#8221; border_width_top=&#8221;15px&#8221; border_color_top=&#8221;#000438&#8243;][\/et_pb_image][\/et_pb_column][et_pb_column type=&#8221;1_2&#8243; _builder_version=&#8221;4.7.4&#8243; _module_preset=&#8221;default&#8221;][et_pb_text _builder_version=&#8221;4.7.4&#8243; _module_preset=&#8221;default&#8221; header_4_line_height=&#8221;2em&#8221;]<\/p>\n<h1>Mikael Abrahamsson<\/h1>\n<p style=\"text-align: left;\"><span style=\"font-size: 14px;\">Juridikstudier 1983-1988, Juris Kandidat 1988, ledamot av Sveriges Advokat- samfund 1994, Milit\u00e4rh\u00f6gskola ROK 1996<\/span><\/p>\n<h4 style=\"text-align: left;\">Juridisk inriktning<\/h4>\n<p style=\"text-align: left;\">Brottm\u00e5l, Straffr\u00e4tt, F\u00f6rsvararuppdrag, M\u00e5ls\u00e4gandebitr\u00e4de och Eko-Brottm\u00e5l.<\/p>\n<h4><span>Kontakt<\/span><\/h4>\n<p><span>0705-84 68 11<br \/> mikael@advabrahamsson.se<\/span><\/p>\n<p>[\/et_pb_text][et_pb_button button_url=&#8221;http:\/\/media.dev.advabrahamsson.se\/2021\/01\/CS_Soner_10jan_2021-scaled.jpg&#8221; url_new_window=&#8221;on&#8221; button_text=&#8221;Pressbild&#8221; button_alignment=&#8221;left&#8221; _builder_version=&#8221;4.7.7&#8243; custom_button=&#8221;on&#8221; button_text_color=&#8221;#c3c69f&#8221; button_bg_color=&#8221;rgba(0,60,86,0.95)&#8221; button_letter_spacing=&#8221;2px&#8221; button_font=&#8221;|||on|||||&#8221; button_icon=&#8221;%%28%%&#8221; background_layout=&#8221;dark&#8221; custom_margin=&#8221;||100px||false|false&#8221; custom_padding=&#8221;||8px||false|false&#8221; custom_padding_tablet=&#8221;&#8221; custom_padding_phone=&#8221;&#8221; custom_padding_last_edited=&#8221;on|desktop&#8221;][\/et_pb_button][\/et_pb_column][\/et_pb_row][\/et_pb_section]<\/p>\n","protected":false},"excerpt":{"rendered":"<p>TillbakaMikael Abrahamsson Juridikstudier 1983-1988, Juris Kandidat 1988, ledamot av Sveriges Advokat- samfund 1994, Milit\u00e4rh\u00f6gskola ROK 1996 Juridisk inriktning Brottm\u00e5l, Straffr\u00e4tt, F\u00f6rsvararuppdrag, M\u00e5ls\u00e4gandebitr\u00e4de och Eko-Brottm\u00e5l. Kontakt 0705-84 68 11 mikael@advabrahamsson.se<\/p>","protected":false},"author":1,"featured_media":0,"parent":0,"menu_order":0,"comment_status":"closed","ping_status":"closed","template":"","meta":{"_et_pb_use_builder":"on","_et_pb_old_content":"","_et_gb_content_width":"","footnotes":""},"class_list":["post-262","page","type-page","status-publish","hentry"],"yoast_head":"<!-- This site is optimized with the Yoast SEO plugin v27.4 - https:\/\/yoast.com\/product\/yoast-seo-wordpress\/ -->\n<title>Mikael Abrahamsson | Advokaterna Abrahamsson Soner<\/title>\n<meta name=\"robots\" content=\"index, follow, max-snippet:-1, max-image-preview:large, max-video-preview:-1\" \/>\n<link rel=\"canonical\" href=\"https:\/\/advabrahamsson.se\/en\/mikael-abrahamsson\/\" \/>\n<meta property=\"og:locale\" content=\"en_GB\" \/>\n<meta property=\"og:type\" content=\"article\" \/>\n<meta property=\"og:title\" content=\"Mikael Abrahamsson | Advokaterna Abrahamsson Soner\" \/>\n<meta property=\"og:description\" content=\"TillbakaMikael Abrahamsson Juridikstudier 1983-1988, Juris Kandidat 1988, ledamot av Sveriges Advokat- samfund 1994, Milit\u00e4rh\u00f6gskola ROK 1996 Juridisk inriktning Brottm\u00e5l, Straffr\u00e4tt, F\u00f6rsvararuppdrag, M\u00e5ls\u00e4gandebitr\u00e4de och Eko-Brottm\u00e5l. Kontakt 0705-84 68 11 mikael@advabrahamsson.se\" \/>\n<meta property=\"og:url\" content=\"https:\/\/advabrahamsson.se\/en\/mikael-abrahamsson\/\" \/>\n<meta property=\"og:site_name\" content=\"Advokaterna Abrahamsson Soner\" \/>\n<meta property=\"article:publisher\" content=\"https:\/\/www.facebook.com\/advokatabrahamsson\" \/>\n<meta property=\"article:modified_time\" content=\"2021-01-21T07:18:48+00:00\" \/>\n<meta property=\"og:image\" content=\"https:\/\/advabrahamsson.se\/wp-content\/uploads\/2021\/01\/CS_Soner_18sep2020-25-scaled.jpg\" \/>\n\t<meta property=\"og:image:width\" content=\"2560\" \/>\n\t<meta property=\"og:image:height\" content=\"1440\" \/>\n\t<meta property=\"og:image:type\" content=\"image\/jpeg\" \/>\n<meta name=\"twitter:card\" content=\"summary_large_image\" \/>\n<meta name=\"twitter:label1\" content=\"Estimated reading time\" \/>\n\t<meta name=\"twitter:data1\" content=\"2 minutes\" \/>\n<script type=\"application\/ld+json\" class=\"yoast-schema-graph\">{\"@context\":\"https:\\\/\\\/schema.org\",\"@graph\":[{\"@type\":\"WebPage\",\"@id\":\"https:\\\/\\\/advabrahamsson.se\\\/mikael-abrahamsson\\\/\",\"url\":\"https:\\\/\\\/advabrahamsson.se\\\/mikael-abrahamsson\\\/\",\"name\":\"Mikael Abrahamsson | Advokaterna Abrahamsson Soner\",\"isPartOf\":{\"@id\":\"https:\\\/\\\/advabrahamsson.se\\\/#website\"},\"datePublished\":\"2020-12-07T13:57:46+00:00\",\"dateModified\":\"2021-01-21T07:18:48+00:00\",\"breadcrumb\":{\"@id\":\"https:\\\/\\\/advabrahamsson.se\\\/mikael-abrahamsson\\\/#breadcrumb\"},\"inLanguage\":\"en-GB\",\"potentialAction\":[{\"@type\":\"ReadAction\",\"target\":[\"https:\\\/\\\/advabrahamsson.se\\\/mikael-abrahamsson\\\/\"]}]},{\"@type\":\"BreadcrumbList\",\"@id\":\"https:\\\/\\\/advabrahamsson.se\\\/mikael-abrahamsson\\\/#breadcrumb\",\"itemListElement\":[{\"@type\":\"ListItem\",\"position\":1,\"name\":\"Hem\",\"item\":\"https:\\\/\\\/advabrahamsson.se\\\/\"},{\"@type\":\"ListItem\",\"position\":2,\"name\":\"Mikael Abrahamsson\"}]},{\"@type\":\"WebSite\",\"@id\":\"https:\\\/\\\/advabrahamsson.se\\\/#website\",\"url\":\"https:\\\/\\\/advabrahamsson.se\\\/\",\"name\":\"Advokaterna Abrahamsson Soner\",\"description\":\"Dina r\u00e4ttigheter. V\u00e5rt uppdrag.\",\"publisher\":{\"@id\":\"https:\\\/\\\/advabrahamsson.se\\\/#organization\"},\"potentialAction\":[{\"@type\":\"SearchAction\",\"target\":{\"@type\":\"EntryPoint\",\"urlTemplate\":\"https:\\\/\\\/advabrahamsson.se\\\/?s={search_term_string}\"},\"query-input\":{\"@type\":\"PropertyValueSpecification\",\"valueRequired\":true,\"valueName\":\"search_term_string\"}}],\"inLanguage\":\"en-GB\"},{\"@type\":\"Organization\",\"@id\":\"https:\\\/\\\/advabrahamsson.se\\\/#organization\",\"name\":\"Advokaterna Abrahamsson Soner\",\"url\":\"https:\\\/\\\/advabrahamsson.se\\\/\",\"logo\":{\"@type\":\"ImageObject\",\"inLanguage\":\"en-GB\",\"@id\":\"https:\\\/\\\/advabrahamsson.se\\\/#\\\/schema\\\/logo\\\/image\\\/\",\"url\":\"https:\\\/\\\/advabrahamsson.se\\\/wp-content\\\/uploads\\\/2020\\\/11\\\/Adv-Abrahamsson-color.png\",\"contentUrl\":\"https:\\\/\\\/advabrahamsson.se\\\/wp-content\\\/uploads\\\/2020\\\/11\\\/Adv-Abrahamsson-color.png\",\"width\":800,\"height\":451,\"caption\":\"Advokaterna Abrahamsson Soner\"},\"image\":{\"@id\":\"https:\\\/\\\/advabrahamsson.se\\\/#\\\/schema\\\/logo\\\/image\\\/\"},\"sameAs\":[\"https:\\\/\\\/www.facebook.com\\\/advokatabrahamsson\",\"https:\\\/\\\/www.instagram.com\\\/advokat.abrahamsson.soner\\\/\"]}]}<\/script>\n<!-- \/ Yoast SEO plugin. -->","yoast_head_json":{"title":"Mikael Abrahamsson | Advokaterna Abrahamsson Soner","robots":{"index":"index","follow":"follow","max-snippet":"max-snippet:-1","max-image-preview":"max-image-preview:large","max-video-preview":"max-video-preview:-1"},"canonical":"https:\/\/advabrahamsson.se\/en\/mikael-abrahamsson\/","og_locale":"en_GB","og_type":"article","og_title":"Mikael Abrahamsson | Advokaterna Abrahamsson Soner","og_description":"TillbakaMikael Abrahamsson Juridikstudier 1983-1988, Juris Kandidat 1988, ledamot av Sveriges Advokat- samfund 1994, Milit\u00e4rh\u00f6gskola ROK 1996 Juridisk inriktning Brottm\u00e5l, Straffr\u00e4tt, F\u00f6rsvararuppdrag, M\u00e5ls\u00e4gandebitr\u00e4de och Eko-Brottm\u00e5l. Kontakt 0705-84 68 11 mikael@advabrahamsson.se","og_url":"https:\/\/advabrahamsson.se\/en\/mikael-abrahamsson\/","og_site_name":"Advokaterna Abrahamsson Soner","article_publisher":"https:\/\/www.facebook.com\/advokatabrahamsson","article_modified_time":"2021-01-21T07:18:48+00:00","og_image":[{"width":2560,"height":1440,"url":"https:\/\/advabrahamsson.se\/wp-content\/uploads\/2021\/01\/CS_Soner_18sep2020-25-scaled.jpg","type":"image\/jpeg"}],"twitter_card":"summary_large_image","twitter_misc":{"Estimated reading time":"2 minutes"},"schema":{"@context":"https:\/\/schema.org","@graph":[{"@type":"WebPage","@id":"https:\/\/advabrahamsson.se\/mikael-abrahamsson\/","url":"https:\/\/advabrahamsson.se\/mikael-abrahamsson\/","name":"Mikael Abrahamsson | Advokaterna Abrahamsson Soner","isPartOf":{"@id":"https:\/\/advabrahamsson.se\/#website"},"datePublished":"2020-12-07T13:57:46+00:00","dateModified":"2021-01-21T07:18:48+00:00","breadcrumb":{"@id":"https:\/\/advabrahamsson.se\/mikael-abrahamsson\/#breadcrumb"},"inLanguage":"en-GB","potentialAction":[{"@type":"ReadAction","target":["https:\/\/advabrahamsson.se\/mikael-abrahamsson\/"]}]},{"@type":"BreadcrumbList","@id":"https:\/\/advabrahamsson.se\/mikael-abrahamsson\/#breadcrumb","itemListElement":[{"@type":"ListItem","position":1,"name":"Hem","item":"https:\/\/advabrahamsson.se\/"},{"@type":"ListItem","position":2,"name":"Mikael Abrahamsson"}]},{"@type":"WebSite","@id":"https:\/\/advabrahamsson.se\/#website","url":"https:\/\/advabrahamsson.se\/","name":"Advokaterna Abrahamsson Soner","description":"Dina r\u00e4ttigheter. V\u00e5rt uppdrag.","publisher":{"@id":"https:\/\/advabrahamsson.se\/#organization"},"potentialAction":[{"@type":"SearchAction","target":{"@type":"EntryPoint","urlTemplate":"https:\/\/advabrahamsson.se\/?s={search_term_string}"},"query-input":{"@type":"PropertyValueSpecification","valueRequired":true,"valueName":"search_term_string"}}],"inLanguage":"en-GB"},{"@type":"Organization","@id":"https:\/\/advabrahamsson.se\/#organization","name":"Advokaterna Abrahamsson Soner","url":"https:\/\/advabrahamsson.se\/","logo":{"@type":"ImageObject","inLanguage":"en-GB","@id":"https:\/\/advabrahamsson.se\/#\/schema\/logo\/image\/","url":"https:\/\/advabrahamsson.se\/wp-content\/uploads\/2020\/11\/Adv-Abrahamsson-color.png","contentUrl":"https:\/\/advabrahamsson.se\/wp-content\/uploads\/2020\/11\/Adv-Abrahamsson-color.png","width":800,"height":451,"caption":"Advokaterna Abrahamsson Soner"},"image":{"@id":"https:\/\/advabrahamsson.se\/#\/schema\/logo\/image\/"},"sameAs":["https:\/\/www.facebook.com\/advokatabrahamsson","https:\/\/www.instagram.com\/advokat.abrahamsson.soner\/"]}]}},"_links":{"self":[{"href":"https:\/\/advabrahamsson.se\/en\/wp-json\/wp\/v2\/pages\/262","targetHints":{"allow":["GET"]}}],"collection":[{"href":"https:\/\/advabrahamsson.se\/en\/wp-json\/wp\/v2\/pages"}],"about":[{"href":"https:\/\/advabrahamsson.se\/en\/wp-json\/wp\/v2\/types\/page"}],"author":[{"embeddable":true,"href":"https:\/\/advabrahamsson.se\/en\/wp-json\/wp\/v2\/users\/1"}],"replies":[{"embeddable":true,"href":"https:\/\/advabrahamsson.se\/en\/wp-json\/wp\/v2\/comments?post=262"}],"version-history":[{"count":10,"href":"https:\/\/advabrahamsson.se\/en\/wp-json\/wp\/v2\/pages\/262\/revisions"}],"predecessor-version":[{"id":635,"href":"https:\/\/advabrahamsson.se\/en\/wp-json\/wp\/v2\/pages\/262\/revisions\/635"}],"wp:attachment":[{"href":"https:\/\/advabrahamsson.se\/en\/wp-json\/wp\/v2\/media?parent=262"}],"curies":[{"name":"wp","href":"https:\/\/api.w.org\/{rel}","templated":true}]}}