{"id":302,"date":"2020-12-07T19:20:14","date_gmt":"2020-12-07T19:20:14","guid":{"rendered":"http:\/\/dev.advabrahamsson.se\/?page_id=302"},"modified":"2020-12-28T15:30:58","modified_gmt":"2020-12-28T15:30:58","slug":"integritetspolicy-och-gdpr","status":"publish","type":"page","link":"https:\/\/advabrahamsson.se\/en\/integritetspolicy-och-gdpr\/","title":{"rendered":"Integritetspolicy och GDPR"},"content":{"rendered":"<p>[et_pb_section fb_built=&#8221;1&#8243; _builder_version=&#8221;4.7.4&#8243; _module_preset=&#8221;default&#8221;][et_pb_row _builder_version=&#8221;4.7.4&#8243; _module_preset=&#8221;default&#8221;][et_pb_column type=&#8221;4_4&#8243; _builder_version=&#8221;4.7.4&#8243; _module_preset=&#8221;default&#8221;][et_pb_text _builder_version=&#8221;4.7.4&#8243; _module_preset=&#8221;default&#8221; header_3_line_height=&#8221;1.5em&#8221;]<\/p>\n<h3><strong>Behandling av personuppgifter \u2013 information enligt Dataskyddsf\u00f6rordningen (2016\/679\/EG)<\/strong><\/h3>\n<p>Advokatbyr\u00e5n \u00e4r personuppgiftsansvarig f\u00f6r de personuppgifter avseende kontaktpersoner vi erh\u00e5ller i samband med uppdrag eller som annars behandlas n\u00e4r uppdraget f\u00f6rbereds eller administreras. Du \u00e4r inte skyldig att l\u00e4mna personuppgifter till oss, men utan att det sker kan vi inte \u00e5ta oss ett uppdrag eftersom vi inte kan genomf\u00f6ra n\u00f6dv\u00e4ndig j\u00e4vskontroll.<\/p>\n<p><strong>Som advokatbyr\u00e5 behandlar vi personuppgifter f\u00f6r<\/strong><\/p>\n<p>att genomf\u00f6ra obligatorisk j\u00e4vskontroll, att i f\u00f6rekommande fall utf\u00f6ra penningtv\u00e4ttskontroll, att utf\u00f6ra och administrera uppdraget, att tillvarata dina intressen, redovisnings-och fakturerings\u00e4ndam\u00e5l.<\/p>\n<p>Dessa uppgifter behandlas i enlighet med artikel 6.1 i Dataskyddsf\u00f6rordningen (2016\/679\/EG).<\/p>\n<p>Personuppgifter till utomst\u00e5ende l\u00e4mnas inte ut i annat fall \u00e4n d\u00e5 det s\u00e4rskilt \u00f6verenskommits mellan advokatbyr\u00e5n och dig, det inom ramen f\u00f6r ett s\u00e4rskilt uppdrag \u00e4r n\u00f6dv\u00e4ndigt f\u00f6r att tillvarata dina r\u00e4ttigheter, det \u00e4r n\u00f6dv\u00e4ndigt f\u00f6r att advokatbyr\u00e5n ska fullg\u00f6ra lagstadgad skyldighet eller efterkomma myndighetsbeslut eller beslut av domstol, eller f\u00f6r de fall advokatbyr\u00e5n anlitar utomst\u00e5ende tj\u00e4nsteleverant\u00f6r som utf\u00f6r uppdrag f\u00f6r v\u00e5r r\u00e4kning. Advokatbyr\u00e5n kan komma att l\u00e4mna ut uppgifterna till domstolar, myndigheter, motparter och motpartsombud i de fall det \u00e4r n\u00f6dv\u00e4ndigt f\u00f6r att tillvara ta dina r\u00e4ttigheter.<\/p>\n<p>Personuppgifterna sparas, i enlighet med den skyldighet som \u00e5vilar oss enligt V\u00e4gledande regler f\u00f6r god advokatsed, under en tid om tio \u00e5r fr\u00e5n dagen f\u00f6r \u00e4rendets slutf\u00f6rande, eller l\u00e4ngre tid om det av \u00e4rendets natur \u00e4r p\u00e5kallat.<\/p>\n<p>Information om hur vi anv\u00e4nder personuppgifter, som r\u00f6r dig, har du r\u00e4tt att kostnadsfritt beg\u00e4ra ut. S\u00e5dana uppgifter som \u00e4r felaktiga kommer vi att, antingen p\u00e5 eget initiativ eller p\u00e5 din beg\u00e4ran, radera eller begr\u00e4nsa behandlingen av.<\/p>\n<p>Det \u00e4r din r\u00e4tt att beg\u00e4ra att dina uppgifter inte behandlas f\u00f6r direktmarknadsf\u00f6rings\u00e4ndam\u00e5l, och f\u00e5 ta del av dina personuppgifter i maskinl\u00e4sbart format eller, om det \u00e4r tekniskt m\u00f6jligt, f\u00e5 uppgifterna \u00f6verf\u00f6rda till en tredje part som du anvisar.<\/p>\n<p>Om du \u00e4r missn\u00f6jd med v\u00e5r behandling av dina personuppgifter kan du l\u00e4mna in ett klagom\u00e5l till tillsynsmyndigheten Datainspektionen (<a href=\"http:\/\/www.datainspektionen.se\">www.datainspektionen.se<\/a>). Om du bor eller arbetar utomlands kan du v\u00e4nda dig till tillsynsmyndigheten i det landet.<\/p>\n<p>F\u00f6r fr\u00e5gor r\u00f6rande v\u00e5r personuppgiftsbehandling g\u00e5r det bra att kontakta advokatbyr\u00e5n (se uppgifter p\u00e5 kontaktsidan).<\/p>\n<p><a href=\"http:\/\/www.advokatsamfundet.se\/konsumenttvistnamnden\/\"><\/a><\/p>\n<p>&nbsp;<\/p>\n<p>[\/et_pb_text][\/et_pb_column][\/et_pb_row][\/et_pb_section]<\/p>\n","protected":false},"excerpt":{"rendered":"<p>Behandling av personuppgifter \u2013 information enligt Dataskyddsf\u00f6rordningen (2016\/679\/EG) Advokatbyr\u00e5n \u00e4r personuppgiftsansvarig f\u00f6r de personuppgifter avseende kontaktpersoner vi erh\u00e5ller i samband med uppdrag eller som annars behandlas n\u00e4r uppdraget f\u00f6rbereds eller administreras. Du \u00e4r inte skyldig att l\u00e4mna personuppgifter till oss, men utan att det sker kan vi inte \u00e5ta oss ett uppdrag eftersom vi inte [&hellip;]<\/p>\n","protected":false},"author":1,"featured_media":0,"parent":0,"menu_order":0,"comment_status":"closed","ping_status":"closed","template":"","meta":{"_et_pb_use_builder":"on","_et_pb_old_content":"","_et_gb_content_width":"","footnotes":""},"class_list":["post-302","page","type-page","status-publish","hentry"],"yoast_head":"<!-- This site is optimized with the Yoast SEO plugin v27.4 - https:\/\/yoast.com\/product\/yoast-seo-wordpress\/ -->\n<title>Integritetspolicy och GDPR | Advokaterna Abrahamsson Soner<\/title>\n<meta name=\"robots\" content=\"index, follow, max-snippet:-1, max-image-preview:large, max-video-preview:-1\" \/>\n<link rel=\"canonical\" href=\"https:\/\/advabrahamsson.se\/en\/integritetspolicy-och-gdpr\/\" \/>\n<meta property=\"og:locale\" content=\"en_GB\" \/>\n<meta property=\"og:type\" content=\"article\" \/>\n<meta property=\"og:title\" content=\"Integritetspolicy och GDPR | Advokaterna Abrahamsson Soner\" \/>\n<meta property=\"og:description\" content=\"Behandling av personuppgifter \u2013 information enligt Dataskyddsf\u00f6rordningen (2016\/679\/EG) Advokatbyr\u00e5n \u00e4r personuppgiftsansvarig f\u00f6r de personuppgifter avseende kontaktpersoner vi erh\u00e5ller i samband med uppdrag eller som annars behandlas n\u00e4r uppdraget f\u00f6rbereds eller administreras. Du \u00e4r inte skyldig att l\u00e4mna personuppgifter till oss, men utan att det sker kan vi inte \u00e5ta oss ett uppdrag eftersom vi inte [&hellip;]\" \/>\n<meta property=\"og:url\" content=\"https:\/\/advabrahamsson.se\/en\/integritetspolicy-och-gdpr\/\" \/>\n<meta property=\"og:site_name\" content=\"Advokaterna Abrahamsson Soner\" \/>\n<meta property=\"article:publisher\" content=\"https:\/\/www.facebook.com\/advokatabrahamsson\" \/>\n<meta property=\"article:modified_time\" content=\"2020-12-28T15:30:58+00:00\" \/>\n<meta property=\"og:image\" content=\"https:\/\/advabrahamsson.se\/wp-content\/uploads\/2021\/01\/CS_Soner_18sep2020-25-scaled.jpg\" \/>\n\t<meta property=\"og:image:width\" content=\"2560\" \/>\n\t<meta property=\"og:image:height\" content=\"1440\" \/>\n\t<meta property=\"og:image:type\" content=\"image\/jpeg\" \/>\n<meta name=\"twitter:card\" content=\"summary_large_image\" \/>\n<meta name=\"twitter:label1\" content=\"Estimated reading time\" \/>\n\t<meta name=\"twitter:data1\" content=\"2 minutes\" \/>\n<script type=\"application\/ld+json\" class=\"yoast-schema-graph\">{\"@context\":\"https:\\\/\\\/schema.org\",\"@graph\":[{\"@type\":\"WebPage\",\"@id\":\"https:\\\/\\\/advabrahamsson.se\\\/integritetspolicy-och-gdpr\\\/\",\"url\":\"https:\\\/\\\/advabrahamsson.se\\\/integritetspolicy-och-gdpr\\\/\",\"name\":\"Integritetspolicy och GDPR | Advokaterna Abrahamsson Soner\",\"isPartOf\":{\"@id\":\"https:\\\/\\\/advabrahamsson.se\\\/#website\"},\"datePublished\":\"2020-12-07T19:20:14+00:00\",\"dateModified\":\"2020-12-28T15:30:58+00:00\",\"breadcrumb\":{\"@id\":\"https:\\\/\\\/advabrahamsson.se\\\/integritetspolicy-och-gdpr\\\/#breadcrumb\"},\"inLanguage\":\"en-GB\",\"potentialAction\":[{\"@type\":\"ReadAction\",\"target\":[\"https:\\\/\\\/advabrahamsson.se\\\/integritetspolicy-och-gdpr\\\/\"]}]},{\"@type\":\"BreadcrumbList\",\"@id\":\"https:\\\/\\\/advabrahamsson.se\\\/integritetspolicy-och-gdpr\\\/#breadcrumb\",\"itemListElement\":[{\"@type\":\"ListItem\",\"position\":1,\"name\":\"Hem\",\"item\":\"https:\\\/\\\/advabrahamsson.se\\\/\"},{\"@type\":\"ListItem\",\"position\":2,\"name\":\"Integritetspolicy och GDPR\"}]},{\"@type\":\"WebSite\",\"@id\":\"https:\\\/\\\/advabrahamsson.se\\\/#website\",\"url\":\"https:\\\/\\\/advabrahamsson.se\\\/\",\"name\":\"Advokaterna Abrahamsson Soner\",\"description\":\"Dina r\u00e4ttigheter. V\u00e5rt uppdrag.\",\"publisher\":{\"@id\":\"https:\\\/\\\/advabrahamsson.se\\\/#organization\"},\"potentialAction\":[{\"@type\":\"SearchAction\",\"target\":{\"@type\":\"EntryPoint\",\"urlTemplate\":\"https:\\\/\\\/advabrahamsson.se\\\/?s={search_term_string}\"},\"query-input\":{\"@type\":\"PropertyValueSpecification\",\"valueRequired\":true,\"valueName\":\"search_term_string\"}}],\"inLanguage\":\"en-GB\"},{\"@type\":\"Organization\",\"@id\":\"https:\\\/\\\/advabrahamsson.se\\\/#organization\",\"name\":\"Advokaterna Abrahamsson Soner\",\"url\":\"https:\\\/\\\/advabrahamsson.se\\\/\",\"logo\":{\"@type\":\"ImageObject\",\"inLanguage\":\"en-GB\",\"@id\":\"https:\\\/\\\/advabrahamsson.se\\\/#\\\/schema\\\/logo\\\/image\\\/\",\"url\":\"https:\\\/\\\/advabrahamsson.se\\\/wp-content\\\/uploads\\\/2020\\\/11\\\/Adv-Abrahamsson-color.png\",\"contentUrl\":\"https:\\\/\\\/advabrahamsson.se\\\/wp-content\\\/uploads\\\/2020\\\/11\\\/Adv-Abrahamsson-color.png\",\"width\":800,\"height\":451,\"caption\":\"Advokaterna Abrahamsson Soner\"},\"image\":{\"@id\":\"https:\\\/\\\/advabrahamsson.se\\\/#\\\/schema\\\/logo\\\/image\\\/\"},\"sameAs\":[\"https:\\\/\\\/www.facebook.com\\\/advokatabrahamsson\",\"https:\\\/\\\/www.instagram.com\\\/advokat.abrahamsson.soner\\\/\"]}]}<\/script>\n<!-- \/ Yoast SEO plugin. -->","yoast_head_json":{"title":"Integritetspolicy och GDPR | Advokaterna Abrahamsson Soner","robots":{"index":"index","follow":"follow","max-snippet":"max-snippet:-1","max-image-preview":"max-image-preview:large","max-video-preview":"max-video-preview:-1"},"canonical":"https:\/\/advabrahamsson.se\/en\/integritetspolicy-och-gdpr\/","og_locale":"en_GB","og_type":"article","og_title":"Integritetspolicy och GDPR | Advokaterna Abrahamsson Soner","og_description":"Behandling av personuppgifter \u2013 information enligt Dataskyddsf\u00f6rordningen (2016\/679\/EG) Advokatbyr\u00e5n \u00e4r personuppgiftsansvarig f\u00f6r de personuppgifter avseende kontaktpersoner vi erh\u00e5ller i samband med uppdrag eller som annars behandlas n\u00e4r uppdraget f\u00f6rbereds eller administreras. Du \u00e4r inte skyldig att l\u00e4mna personuppgifter till oss, men utan att det sker kan vi inte \u00e5ta oss ett uppdrag eftersom vi inte [&hellip;]","og_url":"https:\/\/advabrahamsson.se\/en\/integritetspolicy-och-gdpr\/","og_site_name":"Advokaterna Abrahamsson Soner","article_publisher":"https:\/\/www.facebook.com\/advokatabrahamsson","article_modified_time":"2020-12-28T15:30:58+00:00","og_image":[{"width":2560,"height":1440,"url":"https:\/\/advabrahamsson.se\/wp-content\/uploads\/2021\/01\/CS_Soner_18sep2020-25-scaled.jpg","type":"image\/jpeg"}],"twitter_card":"summary_large_image","twitter_misc":{"Estimated reading time":"2 minutes"},"schema":{"@context":"https:\/\/schema.org","@graph":[{"@type":"WebPage","@id":"https:\/\/advabrahamsson.se\/integritetspolicy-och-gdpr\/","url":"https:\/\/advabrahamsson.se\/integritetspolicy-och-gdpr\/","name":"Integritetspolicy och GDPR | Advokaterna Abrahamsson Soner","isPartOf":{"@id":"https:\/\/advabrahamsson.se\/#website"},"datePublished":"2020-12-07T19:20:14+00:00","dateModified":"2020-12-28T15:30:58+00:00","breadcrumb":{"@id":"https:\/\/advabrahamsson.se\/integritetspolicy-och-gdpr\/#breadcrumb"},"inLanguage":"en-GB","potentialAction":[{"@type":"ReadAction","target":["https:\/\/advabrahamsson.se\/integritetspolicy-och-gdpr\/"]}]},{"@type":"BreadcrumbList","@id":"https:\/\/advabrahamsson.se\/integritetspolicy-och-gdpr\/#breadcrumb","itemListElement":[{"@type":"ListItem","position":1,"name":"Hem","item":"https:\/\/advabrahamsson.se\/"},{"@type":"ListItem","position":2,"name":"Integritetspolicy och GDPR"}]},{"@type":"WebSite","@id":"https:\/\/advabrahamsson.se\/#website","url":"https:\/\/advabrahamsson.se\/","name":"Advokaterna Abrahamsson Soner","description":"Dina r\u00e4ttigheter. V\u00e5rt uppdrag.","publisher":{"@id":"https:\/\/advabrahamsson.se\/#organization"},"potentialAction":[{"@type":"SearchAction","target":{"@type":"EntryPoint","urlTemplate":"https:\/\/advabrahamsson.se\/?s={search_term_string}"},"query-input":{"@type":"PropertyValueSpecification","valueRequired":true,"valueName":"search_term_string"}}],"inLanguage":"en-GB"},{"@type":"Organization","@id":"https:\/\/advabrahamsson.se\/#organization","name":"Advokaterna Abrahamsson Soner","url":"https:\/\/advabrahamsson.se\/","logo":{"@type":"ImageObject","inLanguage":"en-GB","@id":"https:\/\/advabrahamsson.se\/#\/schema\/logo\/image\/","url":"https:\/\/advabrahamsson.se\/wp-content\/uploads\/2020\/11\/Adv-Abrahamsson-color.png","contentUrl":"https:\/\/advabrahamsson.se\/wp-content\/uploads\/2020\/11\/Adv-Abrahamsson-color.png","width":800,"height":451,"caption":"Advokaterna Abrahamsson Soner"},"image":{"@id":"https:\/\/advabrahamsson.se\/#\/schema\/logo\/image\/"},"sameAs":["https:\/\/www.facebook.com\/advokatabrahamsson","https:\/\/www.instagram.com\/advokat.abrahamsson.soner\/"]}]}},"_links":{"self":[{"href":"https:\/\/advabrahamsson.se\/en\/wp-json\/wp\/v2\/pages\/302","targetHints":{"allow":["GET"]}}],"collection":[{"href":"https:\/\/advabrahamsson.se\/en\/wp-json\/wp\/v2\/pages"}],"about":[{"href":"https:\/\/advabrahamsson.se\/en\/wp-json\/wp\/v2\/types\/page"}],"author":[{"embeddable":true,"href":"https:\/\/advabrahamsson.se\/en\/wp-json\/wp\/v2\/users\/1"}],"replies":[{"embeddable":true,"href":"https:\/\/advabrahamsson.se\/en\/wp-json\/wp\/v2\/comments?post=302"}],"version-history":[{"count":3,"href":"https:\/\/advabrahamsson.se\/en\/wp-json\/wp\/v2\/pages\/302\/revisions"}],"predecessor-version":[{"id":461,"href":"https:\/\/advabrahamsson.se\/en\/wp-json\/wp\/v2\/pages\/302\/revisions\/461"}],"wp:attachment":[{"href":"https:\/\/advabrahamsson.se\/en\/wp-json\/wp\/v2\/media?parent=302"}],"curies":[{"name":"wp","href":"https:\/\/api.w.org\/{rel}","templated":true}]}}