{"id":323,"date":"2020-12-07T19:55:50","date_gmt":"2020-12-07T19:55:50","guid":{"rendered":"http:\/\/dev.advabrahamsson.se\/?page_id=323"},"modified":"2021-01-10T22:13:14","modified_gmt":"2021-01-10T22:13:14","slug":"familjeratt","status":"publish","type":"page","link":"https:\/\/advabrahamsson.se\/en\/familjeratt\/","title":{"rendered":"Family law"},"content":{"rendered":"<p>[et_pb_section fb_built=&#8221;1&#8243; _builder_version=&#8221;4.7.4&#8243; _module_preset=&#8221;default&#8221;][et_pb_row column_structure=&#8221;3_4,1_4&#8243; _builder_version=&#8221;4.7.7&#8243; _module_preset=&#8221;default&#8221;][et_pb_column type=&#8221;3_4&#8243; _builder_version=&#8221;4.7.4&#8243; _module_preset=&#8221;default&#8221;][et_pb_text _builder_version=&#8221;4.7.7&#8243; _module_preset=&#8221;default&#8221; hover_enabled=&#8221;0&#8243; sticky_enabled=&#8221;0&#8243;]<\/p>\n<div id=\"lipsum\">\n<h1>Familjer\u00e4tt<\/h1>\n<p>Familjer\u00e4tt avser juridiska fr\u00e5gor som kan uppst\u00e5 mellan familjemedlemmar. Det kan till exempel vara att tv\u00e5 separerade f\u00f6r\u00e4ldrar inte kommer \u00f6verens om vart det gemensamma barnet skall bo eller att den ena f\u00f6r\u00e4ldern inte anser att v\u00e5rdnaden om barnet skall vara gemensam. Familjer\u00e4tt kan ocks\u00e5 avse ekonomiska f\u00f6rh\u00e5llanden mellan familjemedlemmar s\u00e5som arv, testamenten, \u00e4ktenskapsf\u00f6rord, bodelningar, m.m.<\/p>\n<p>\u00a0Som part i en familjer\u00e4ttslig tvist har du ofta m\u00f6jlighet att f\u00e5 hj\u00e4lp med kostnaden f\u00f6r ditt ombud, antingen genom r\u00e4ttsskyddet som kan finnas i din f\u00f6rs\u00e4kring eller genom att staten kan bevilja r\u00e4ttshj\u00e4lp. I dessa fall t\u00e4cker r\u00e4ttsskyddet\/r\u00e4ttshj\u00e4lpen \u00f6verv\u00e4gande delen av kostnaderna. P\u00e5 Advokaterna Abrahamsson Soner hj\u00e4lper vi alltid v\u00e5ra klienter i att bed\u00f6ma f\u00f6ruts\u00e4ttningarna f\u00f6r att f\u00e5 r\u00e4ttsskydd\/r\u00e4ttshj\u00e4lp.<\/p>\n<\/div>\n<p>[\/et_pb_text][\/et_pb_column][et_pb_column type=&#8221;1_4&#8243; _builder_version=&#8221;4.7.4&#8243; _module_preset=&#8221;default&#8221;][et_pb_text _builder_version=&#8221;4.7.7&#8243; _module_preset=&#8221;default&#8221; text_line_height=&#8221;0.9em&#8221; custom_margin=&#8221;13px||||false|false&#8221; custom_padding=&#8221;||0px|5px||&#8221;]<\/p>\n<h3>R\u00e4ttsomr\u00e5den<\/h3>\n<p>[\/et_pb_text][et_pb_text _builder_version=&#8221;4.7.7&#8243; _dynamic_attributes=&#8221;link_option_url&#8221; _module_preset=&#8221;default&#8221; text_line_height=&#8221;0.9em&#8221; custom_padding=&#8221;||0px|5px||&#8221; link_option_url=&#8221;@ET-DC@eyJkeW5hbWljIjp0cnVlLCJjb250ZW50IjoicG9zdF9saW5rX3VybF9wYWdlIiwic2V0dGluZ3MiOnsicG9zdF9pZCI6IjIzMCJ9fQ==@&#8221;]<\/p>\n<p>Brottm\u00e5l\u00a0<\/p>\n<p>[\/et_pb_text][et_pb_text _builder_version=&#8221;4.7.7&#8243; _dynamic_attributes=&#8221;link_option_url&#8221; _module_preset=&#8221;default&#8221; text_line_height=&#8221;0.9em&#8221; custom_padding=&#8221;||0px|5px||&#8221; link_option_url=&#8221;@ET-DC@eyJkeW5hbWljIjp0cnVlLCJjb250ZW50IjoicG9zdF9saW5rX3VybF9wYWdlIiwic2V0dGluZ3MiOnsicG9zdF9pZCI6IjMyMyJ9fQ==@&#8221;]<\/p>\n<p>Familjer\u00e4tt<\/p>\n<p>[\/et_pb_text][et_pb_text _builder_version=&#8221;4.7.7&#8243; _dynamic_attributes=&#8221;link_option_url&#8221; _module_preset=&#8221;default&#8221; text_line_height=&#8221;0.9em&#8221; custom_padding=&#8221;||0px|5px||&#8221; link_option_url=&#8221;@ET-DC@eyJkeW5hbWljIjp0cnVlLCJjb250ZW50IjoicG9zdF9saW5rX3VybF9wYWdlIiwic2V0dGluZ3MiOnsicG9zdF9pZCI6IjM0NyJ9fQ==@&#8221;]<\/p>\n<p>Socialr\u00e4tt<\/p>\n<p>[\/et_pb_text][et_pb_text _builder_version=&#8221;4.7.7&#8243; _dynamic_attributes=&#8221;link_option_url&#8221; _module_preset=&#8221;default&#8221; text_line_height=&#8221;0.9em&#8221; custom_padding=&#8221;||0px|5px||&#8221; link_option_url=&#8221;@ET-DC@eyJkeW5hbWljIjp0cnVlLCJjb250ZW50IjoicG9zdF9saW5rX3VybF9wYWdlIiwic2V0dGluZ3MiOnsicG9zdF9pZCI6IjM1MCJ9fQ==@&#8221;]<\/p>\n<p class=\"et_pb_module_header\">Allm\u00e4n praktik och tvister<\/p>\n<p>[\/et_pb_text][\/et_pb_column][\/et_pb_row][\/et_pb_section]<\/p>\n","protected":false},"excerpt":{"rendered":"<p>Familjer\u00e4tt Familjer\u00e4tt avser juridiska fr\u00e5gor som kan uppst\u00e5 mellan familjemedlemmar. Det kan till exempel vara att tv\u00e5 separerade f\u00f6r\u00e4ldrar inte kommer \u00f6verens om vart det gemensamma barnet skall bo eller att den ena f\u00f6r\u00e4ldern inte anser att v\u00e5rdnaden om barnet skall vara gemensam. Familjer\u00e4tt kan ocks\u00e5 avse ekonomiska f\u00f6rh\u00e5llanden mellan familjemedlemmar s\u00e5som arv, testamenten, \u00e4ktenskapsf\u00f6rord, [&hellip;]<\/p>\n","protected":false},"author":1,"featured_media":0,"parent":0,"menu_order":0,"comment_status":"closed","ping_status":"closed","template":"","meta":{"_et_pb_use_builder":"on","_et_pb_old_content":"","_et_gb_content_width":"","footnotes":""},"class_list":["post-323","page","type-page","status-publish","hentry"],"yoast_head":"<!-- This site is optimized with the Yoast SEO plugin v27.4 - https:\/\/yoast.com\/product\/yoast-seo-wordpress\/ -->\n<title>Familjer\u00e4tt | Advokaterna Abrahamsson Soner<\/title>\n<meta name=\"robots\" content=\"index, follow, max-snippet:-1, max-image-preview:large, max-video-preview:-1\" \/>\n<link rel=\"canonical\" href=\"https:\/\/advabrahamsson.se\/en\/familjeratt\/\" \/>\n<meta property=\"og:locale\" content=\"en_GB\" \/>\n<meta property=\"og:type\" content=\"article\" \/>\n<meta property=\"og:title\" content=\"Familjer\u00e4tt | Advokaterna Abrahamsson Soner\" \/>\n<meta property=\"og:description\" content=\"Familjer\u00e4tt Familjer\u00e4tt avser juridiska fr\u00e5gor som kan uppst\u00e5 mellan familjemedlemmar. Det kan till exempel vara att tv\u00e5 separerade f\u00f6r\u00e4ldrar inte kommer \u00f6verens om vart det gemensamma barnet skall bo eller att den ena f\u00f6r\u00e4ldern inte anser att v\u00e5rdnaden om barnet skall vara gemensam. Familjer\u00e4tt kan ocks\u00e5 avse ekonomiska f\u00f6rh\u00e5llanden mellan familjemedlemmar s\u00e5som arv, testamenten, \u00e4ktenskapsf\u00f6rord, [&hellip;]\" \/>\n<meta property=\"og:url\" content=\"https:\/\/advabrahamsson.se\/en\/familjeratt\/\" \/>\n<meta property=\"og:site_name\" content=\"Advokaterna Abrahamsson Soner\" \/>\n<meta property=\"article:publisher\" content=\"https:\/\/www.facebook.com\/advokatabrahamsson\" \/>\n<meta property=\"article:modified_time\" content=\"2021-01-10T22:13:14+00:00\" \/>\n<meta property=\"og:image\" content=\"https:\/\/advabrahamsson.se\/wp-content\/uploads\/2021\/01\/CS_Soner_18sep2020-25-scaled.jpg\" \/>\n\t<meta property=\"og:image:width\" content=\"2560\" \/>\n\t<meta property=\"og:image:height\" content=\"1440\" \/>\n\t<meta property=\"og:image:type\" content=\"image\/jpeg\" \/>\n<meta name=\"twitter:card\" content=\"summary_large_image\" \/>\n<meta name=\"twitter:label1\" content=\"Estimated reading time\" \/>\n\t<meta name=\"twitter:data1\" content=\"2 minutes\" \/>\n<script type=\"application\/ld+json\" class=\"yoast-schema-graph\">{\"@context\":\"https:\\\/\\\/schema.org\",\"@graph\":[{\"@type\":\"WebPage\",\"@id\":\"https:\\\/\\\/advabrahamsson.se\\\/familjeratt\\\/\",\"url\":\"https:\\\/\\\/advabrahamsson.se\\\/familjeratt\\\/\",\"name\":\"Familjer\u00e4tt | Advokaterna Abrahamsson Soner\",\"isPartOf\":{\"@id\":\"https:\\\/\\\/advabrahamsson.se\\\/#website\"},\"datePublished\":\"2020-12-07T19:55:50+00:00\",\"dateModified\":\"2021-01-10T22:13:14+00:00\",\"breadcrumb\":{\"@id\":\"https:\\\/\\\/advabrahamsson.se\\\/familjeratt\\\/#breadcrumb\"},\"inLanguage\":\"en-GB\",\"potentialAction\":[{\"@type\":\"ReadAction\",\"target\":[\"https:\\\/\\\/advabrahamsson.se\\\/familjeratt\\\/\"]}]},{\"@type\":\"BreadcrumbList\",\"@id\":\"https:\\\/\\\/advabrahamsson.se\\\/familjeratt\\\/#breadcrumb\",\"itemListElement\":[{\"@type\":\"ListItem\",\"position\":1,\"name\":\"Hem\",\"item\":\"https:\\\/\\\/advabrahamsson.se\\\/\"},{\"@type\":\"ListItem\",\"position\":2,\"name\":\"Familjer\u00e4tt\"}]},{\"@type\":\"WebSite\",\"@id\":\"https:\\\/\\\/advabrahamsson.se\\\/#website\",\"url\":\"https:\\\/\\\/advabrahamsson.se\\\/\",\"name\":\"Advokaterna Abrahamsson Soner\",\"description\":\"Dina r\u00e4ttigheter. V\u00e5rt uppdrag.\",\"publisher\":{\"@id\":\"https:\\\/\\\/advabrahamsson.se\\\/#organization\"},\"potentialAction\":[{\"@type\":\"SearchAction\",\"target\":{\"@type\":\"EntryPoint\",\"urlTemplate\":\"https:\\\/\\\/advabrahamsson.se\\\/?s={search_term_string}\"},\"query-input\":{\"@type\":\"PropertyValueSpecification\",\"valueRequired\":true,\"valueName\":\"search_term_string\"}}],\"inLanguage\":\"en-GB\"},{\"@type\":\"Organization\",\"@id\":\"https:\\\/\\\/advabrahamsson.se\\\/#organization\",\"name\":\"Advokaterna Abrahamsson Soner\",\"url\":\"https:\\\/\\\/advabrahamsson.se\\\/\",\"logo\":{\"@type\":\"ImageObject\",\"inLanguage\":\"en-GB\",\"@id\":\"https:\\\/\\\/advabrahamsson.se\\\/#\\\/schema\\\/logo\\\/image\\\/\",\"url\":\"https:\\\/\\\/advabrahamsson.se\\\/wp-content\\\/uploads\\\/2020\\\/11\\\/Adv-Abrahamsson-color.png\",\"contentUrl\":\"https:\\\/\\\/advabrahamsson.se\\\/wp-content\\\/uploads\\\/2020\\\/11\\\/Adv-Abrahamsson-color.png\",\"width\":800,\"height\":451,\"caption\":\"Advokaterna Abrahamsson Soner\"},\"image\":{\"@id\":\"https:\\\/\\\/advabrahamsson.se\\\/#\\\/schema\\\/logo\\\/image\\\/\"},\"sameAs\":[\"https:\\\/\\\/www.facebook.com\\\/advokatabrahamsson\",\"https:\\\/\\\/www.instagram.com\\\/advokat.abrahamsson.soner\\\/\"]}]}<\/script>\n<!-- \/ Yoast SEO plugin. -->","yoast_head_json":{"title":"Familjer\u00e4tt | Advokaterna Abrahamsson Soner","robots":{"index":"index","follow":"follow","max-snippet":"max-snippet:-1","max-image-preview":"max-image-preview:large","max-video-preview":"max-video-preview:-1"},"canonical":"https:\/\/advabrahamsson.se\/en\/familjeratt\/","og_locale":"en_GB","og_type":"article","og_title":"Familjer\u00e4tt | Advokaterna Abrahamsson Soner","og_description":"Familjer\u00e4tt Familjer\u00e4tt avser juridiska fr\u00e5gor som kan uppst\u00e5 mellan familjemedlemmar. Det kan till exempel vara att tv\u00e5 separerade f\u00f6r\u00e4ldrar inte kommer \u00f6verens om vart det gemensamma barnet skall bo eller att den ena f\u00f6r\u00e4ldern inte anser att v\u00e5rdnaden om barnet skall vara gemensam. Familjer\u00e4tt kan ocks\u00e5 avse ekonomiska f\u00f6rh\u00e5llanden mellan familjemedlemmar s\u00e5som arv, testamenten, \u00e4ktenskapsf\u00f6rord, [&hellip;]","og_url":"https:\/\/advabrahamsson.se\/en\/familjeratt\/","og_site_name":"Advokaterna Abrahamsson Soner","article_publisher":"https:\/\/www.facebook.com\/advokatabrahamsson","article_modified_time":"2021-01-10T22:13:14+00:00","og_image":[{"width":2560,"height":1440,"url":"https:\/\/advabrahamsson.se\/wp-content\/uploads\/2021\/01\/CS_Soner_18sep2020-25-scaled.jpg","type":"image\/jpeg"}],"twitter_card":"summary_large_image","twitter_misc":{"Estimated reading time":"2 minutes"},"schema":{"@context":"https:\/\/schema.org","@graph":[{"@type":"WebPage","@id":"https:\/\/advabrahamsson.se\/familjeratt\/","url":"https:\/\/advabrahamsson.se\/familjeratt\/","name":"Familjer\u00e4tt | Advokaterna Abrahamsson Soner","isPartOf":{"@id":"https:\/\/advabrahamsson.se\/#website"},"datePublished":"2020-12-07T19:55:50+00:00","dateModified":"2021-01-10T22:13:14+00:00","breadcrumb":{"@id":"https:\/\/advabrahamsson.se\/familjeratt\/#breadcrumb"},"inLanguage":"en-GB","potentialAction":[{"@type":"ReadAction","target":["https:\/\/advabrahamsson.se\/familjeratt\/"]}]},{"@type":"BreadcrumbList","@id":"https:\/\/advabrahamsson.se\/familjeratt\/#breadcrumb","itemListElement":[{"@type":"ListItem","position":1,"name":"Hem","item":"https:\/\/advabrahamsson.se\/"},{"@type":"ListItem","position":2,"name":"Familjer\u00e4tt"}]},{"@type":"WebSite","@id":"https:\/\/advabrahamsson.se\/#website","url":"https:\/\/advabrahamsson.se\/","name":"Advokaterna Abrahamsson Soner","description":"Dina r\u00e4ttigheter. V\u00e5rt uppdrag.","publisher":{"@id":"https:\/\/advabrahamsson.se\/#organization"},"potentialAction":[{"@type":"SearchAction","target":{"@type":"EntryPoint","urlTemplate":"https:\/\/advabrahamsson.se\/?s={search_term_string}"},"query-input":{"@type":"PropertyValueSpecification","valueRequired":true,"valueName":"search_term_string"}}],"inLanguage":"en-GB"},{"@type":"Organization","@id":"https:\/\/advabrahamsson.se\/#organization","name":"Advokaterna Abrahamsson Soner","url":"https:\/\/advabrahamsson.se\/","logo":{"@type":"ImageObject","inLanguage":"en-GB","@id":"https:\/\/advabrahamsson.se\/#\/schema\/logo\/image\/","url":"https:\/\/advabrahamsson.se\/wp-content\/uploads\/2020\/11\/Adv-Abrahamsson-color.png","contentUrl":"https:\/\/advabrahamsson.se\/wp-content\/uploads\/2020\/11\/Adv-Abrahamsson-color.png","width":800,"height":451,"caption":"Advokaterna Abrahamsson Soner"},"image":{"@id":"https:\/\/advabrahamsson.se\/#\/schema\/logo\/image\/"},"sameAs":["https:\/\/www.facebook.com\/advokatabrahamsson","https:\/\/www.instagram.com\/advokat.abrahamsson.soner\/"]}]}},"_links":{"self":[{"href":"https:\/\/advabrahamsson.se\/en\/wp-json\/wp\/v2\/pages\/323","targetHints":{"allow":["GET"]}}],"collection":[{"href":"https:\/\/advabrahamsson.se\/en\/wp-json\/wp\/v2\/pages"}],"about":[{"href":"https:\/\/advabrahamsson.se\/en\/wp-json\/wp\/v2\/types\/page"}],"author":[{"embeddable":true,"href":"https:\/\/advabrahamsson.se\/en\/wp-json\/wp\/v2\/users\/1"}],"replies":[{"embeddable":true,"href":"https:\/\/advabrahamsson.se\/en\/wp-json\/wp\/v2\/comments?post=323"}],"version-history":[{"count":5,"href":"https:\/\/advabrahamsson.se\/en\/wp-json\/wp\/v2\/pages\/323\/revisions"}],"predecessor-version":[{"id":517,"href":"https:\/\/advabrahamsson.se\/en\/wp-json\/wp\/v2\/pages\/323\/revisions\/517"}],"wp:attachment":[{"href":"https:\/\/advabrahamsson.se\/en\/wp-json\/wp\/v2\/media?parent=323"}],"curies":[{"name":"wp","href":"https:\/\/api.w.org\/{rel}","templated":true}]}}