{"id":350,"date":"2020-12-18T07:19:37","date_gmt":"2020-12-18T07:19:37","guid":{"rendered":"http:\/\/dev.advabrahamsson.se\/?page_id=350"},"modified":"2021-01-10T22:15:00","modified_gmt":"2021-01-10T22:15:00","slug":"allman-praktik-och-tvister","status":"publish","type":"page","link":"https:\/\/advabrahamsson.se\/en\/allman-praktik-och-tvister\/","title":{"rendered":"General legal practice"},"content":{"rendered":"<p>[et_pb_section fb_built=&#8221;1&#8243; _builder_version=&#8221;4.7.4&#8243; _module_preset=&#8221;default&#8221;][et_pb_row column_structure=&#8221;3_4,1_4&#8243; _builder_version=&#8221;4.7.7&#8243; _module_preset=&#8221;default&#8221;][et_pb_column type=&#8221;3_4&#8243; _builder_version=&#8221;4.7.4&#8243; _module_preset=&#8221;default&#8221;][et_pb_text _builder_version=&#8221;4.7.7&#8243; _module_preset=&#8221;default&#8221; hover_enabled=&#8221;0&#8243; sticky_enabled=&#8221;0&#8243;]<\/p>\n<div id=\"lipsum\">\n<h1>Allm\u00e4n praktik och tvister<\/h1>\n<p>Som privatperson eller f\u00f6retag kan man ibland hamna i en situation d\u00e4r man inte kommer \u00f6verens med en annan part och beh\u00f6ver juridisk hj\u00e4lp att l\u00f6sa detta. Om du vill rikta krav mot n\u00e5gon annan eller sj\u00e4lv har mottagit krav kan du v\u00e4nda dig till oss f\u00f6r att f\u00e5 r\u00e5d och hj\u00e4lp. Vi hj\u00e4lper dig \u00e4ven att ta reda om du kan f\u00e5 hj\u00e4lp med att betala kostnaden f\u00f6r ditt ombud genom r\u00e4ttsskydd eller r\u00e4ttshj\u00e4lp.<\/p>\n<\/div>\n<p>[\/et_pb_text][\/et_pb_column][et_pb_column type=&#8221;1_4&#8243; _builder_version=&#8221;4.7.4&#8243; _module_preset=&#8221;default&#8221;][et_pb_text _builder_version=&#8221;4.7.7&#8243; _module_preset=&#8221;default&#8221; text_line_height=&#8221;0.9em&#8221; custom_margin=&#8221;13px||||false|false&#8221; custom_padding=&#8221;||0px|5px||&#8221;]<\/p>\n<h3>R\u00e4ttsomr\u00e5den<\/h3>\n<p>[\/et_pb_text][et_pb_text _builder_version=&#8221;4.7.7&#8243; _dynamic_attributes=&#8221;link_option_url&#8221; _module_preset=&#8221;default&#8221; text_line_height=&#8221;0.9em&#8221; custom_padding=&#8221;||0px|5px||&#8221; link_option_url=&#8221;@ET-DC@eyJkeW5hbWljIjp0cnVlLCJjb250ZW50IjoicG9zdF9saW5rX3VybF9wYWdlIiwic2V0dGluZ3MiOnsicG9zdF9pZCI6IjIzMCJ9fQ==@&#8221;]<\/p>\n<p>Brottm\u00e5l\u00a0<\/p>\n<p>[\/et_pb_text][et_pb_text _builder_version=&#8221;4.7.7&#8243; _dynamic_attributes=&#8221;link_option_url&#8221; _module_preset=&#8221;default&#8221; text_line_height=&#8221;0.9em&#8221; custom_padding=&#8221;||0px|5px||&#8221; link_option_url=&#8221;@ET-DC@eyJkeW5hbWljIjp0cnVlLCJjb250ZW50IjoicG9zdF9saW5rX3VybF9wYWdlIiwic2V0dGluZ3MiOnsicG9zdF9pZCI6IjM0NyJ9fQ==@&#8221;]<\/p>\n<p>Socialr\u00e4tt<\/p>\n<p>[\/et_pb_text][et_pb_text _builder_version=&#8221;4.7.7&#8243; _dynamic_attributes=&#8221;link_option_url&#8221; _module_preset=&#8221;default&#8221; text_line_height=&#8221;0.9em&#8221; custom_padding=&#8221;||0px|5px||&#8221; link_option_url=&#8221;@ET-DC@eyJkeW5hbWljIjp0cnVlLCJjb250ZW50IjoicG9zdF9saW5rX3VybF9wYWdlIiwic2V0dGluZ3MiOnsicG9zdF9pZCI6IjMyMyJ9fQ==@&#8221;]<\/p>\n<p>Familjer\u00e4tt<\/p>\n<p>[\/et_pb_text][et_pb_text _builder_version=&#8221;4.7.7&#8243; _dynamic_attributes=&#8221;link_option_url&#8221; _module_preset=&#8221;default&#8221; text_line_height=&#8221;0.9em&#8221; custom_padding=&#8221;||0px|5px||&#8221; link_option_url=&#8221;@ET-DC@eyJkeW5hbWljIjp0cnVlLCJjb250ZW50IjoicG9zdF9saW5rX3VybF9wYWdlIiwic2V0dGluZ3MiOnsicG9zdF9pZCI6IjM1MCJ9fQ==@&#8221;]<\/p>\n<p class=\"et_pb_module_header\">Allm\u00e4n praktik och tvister<\/p>\n<p>[\/et_pb_text][\/et_pb_column][\/et_pb_row][\/et_pb_section]<\/p>\n","protected":false},"excerpt":{"rendered":"<p>Allm\u00e4n praktik och tvister Som privatperson eller f\u00f6retag kan man ibland hamna i en situation d\u00e4r man inte kommer \u00f6verens med en annan part och beh\u00f6ver juridisk hj\u00e4lp att l\u00f6sa detta. Om du vill rikta krav mot n\u00e5gon annan eller sj\u00e4lv har mottagit krav kan du v\u00e4nda dig till oss f\u00f6r att f\u00e5 r\u00e5d och [&hellip;]<\/p>\n","protected":false},"author":1,"featured_media":0,"parent":0,"menu_order":0,"comment_status":"closed","ping_status":"closed","template":"","meta":{"_et_pb_use_builder":"on","_et_pb_old_content":"","_et_gb_content_width":"","footnotes":""},"class_list":["post-350","page","type-page","status-publish","hentry"],"yoast_head":"<!-- This site is optimized with the Yoast SEO plugin v27.4 - https:\/\/yoast.com\/product\/yoast-seo-wordpress\/ -->\n<title>Allm\u00e4n praktik och tvister | Advokaterna Abrahamsson Soner<\/title>\n<meta name=\"robots\" content=\"index, follow, max-snippet:-1, max-image-preview:large, max-video-preview:-1\" \/>\n<link rel=\"canonical\" href=\"https:\/\/advabrahamsson.se\/en\/allman-praktik-och-tvister\/\" \/>\n<meta property=\"og:locale\" content=\"en_GB\" \/>\n<meta property=\"og:type\" content=\"article\" \/>\n<meta property=\"og:title\" content=\"Allm\u00e4n praktik och tvister | Advokaterna Abrahamsson Soner\" \/>\n<meta property=\"og:description\" content=\"Allm\u00e4n praktik och tvister Som privatperson eller f\u00f6retag kan man ibland hamna i en situation d\u00e4r man inte kommer \u00f6verens med en annan part och beh\u00f6ver juridisk hj\u00e4lp att l\u00f6sa detta. Om du vill rikta krav mot n\u00e5gon annan eller sj\u00e4lv har mottagit krav kan du v\u00e4nda dig till oss f\u00f6r att f\u00e5 r\u00e5d och [&hellip;]\" \/>\n<meta property=\"og:url\" content=\"https:\/\/advabrahamsson.se\/en\/allman-praktik-och-tvister\/\" \/>\n<meta property=\"og:site_name\" content=\"Advokaterna Abrahamsson Soner\" \/>\n<meta property=\"article:publisher\" content=\"https:\/\/www.facebook.com\/advokatabrahamsson\" \/>\n<meta property=\"article:modified_time\" content=\"2021-01-10T22:15:00+00:00\" \/>\n<meta property=\"og:image\" content=\"https:\/\/advabrahamsson.se\/wp-content\/uploads\/2021\/01\/CS_Soner_18sep2020-25-scaled.jpg\" \/>\n\t<meta property=\"og:image:width\" content=\"2560\" \/>\n\t<meta property=\"og:image:height\" content=\"1440\" \/>\n\t<meta property=\"og:image:type\" content=\"image\/jpeg\" \/>\n<meta name=\"twitter:card\" content=\"summary_large_image\" \/>\n<meta name=\"twitter:label1\" content=\"Estimated reading time\" \/>\n\t<meta name=\"twitter:data1\" content=\"2 minutes\" \/>\n<script type=\"application\/ld+json\" class=\"yoast-schema-graph\">{\"@context\":\"https:\\\/\\\/schema.org\",\"@graph\":[{\"@type\":\"WebPage\",\"@id\":\"https:\\\/\\\/advabrahamsson.se\\\/allman-praktik-och-tvister\\\/\",\"url\":\"https:\\\/\\\/advabrahamsson.se\\\/allman-praktik-och-tvister\\\/\",\"name\":\"Allm\u00e4n praktik och tvister | Advokaterna Abrahamsson Soner\",\"isPartOf\":{\"@id\":\"https:\\\/\\\/advabrahamsson.se\\\/#website\"},\"datePublished\":\"2020-12-18T07:19:37+00:00\",\"dateModified\":\"2021-01-10T22:15:00+00:00\",\"breadcrumb\":{\"@id\":\"https:\\\/\\\/advabrahamsson.se\\\/allman-praktik-och-tvister\\\/#breadcrumb\"},\"inLanguage\":\"en-GB\",\"potentialAction\":[{\"@type\":\"ReadAction\",\"target\":[\"https:\\\/\\\/advabrahamsson.se\\\/allman-praktik-och-tvister\\\/\"]}]},{\"@type\":\"BreadcrumbList\",\"@id\":\"https:\\\/\\\/advabrahamsson.se\\\/allman-praktik-och-tvister\\\/#breadcrumb\",\"itemListElement\":[{\"@type\":\"ListItem\",\"position\":1,\"name\":\"Hem\",\"item\":\"https:\\\/\\\/advabrahamsson.se\\\/\"},{\"@type\":\"ListItem\",\"position\":2,\"name\":\"Allm\u00e4n praktik och tvister\"}]},{\"@type\":\"WebSite\",\"@id\":\"https:\\\/\\\/advabrahamsson.se\\\/#website\",\"url\":\"https:\\\/\\\/advabrahamsson.se\\\/\",\"name\":\"Advokaterna Abrahamsson Soner\",\"description\":\"Dina r\u00e4ttigheter. V\u00e5rt uppdrag.\",\"publisher\":{\"@id\":\"https:\\\/\\\/advabrahamsson.se\\\/#organization\"},\"potentialAction\":[{\"@type\":\"SearchAction\",\"target\":{\"@type\":\"EntryPoint\",\"urlTemplate\":\"https:\\\/\\\/advabrahamsson.se\\\/?s={search_term_string}\"},\"query-input\":{\"@type\":\"PropertyValueSpecification\",\"valueRequired\":true,\"valueName\":\"search_term_string\"}}],\"inLanguage\":\"en-GB\"},{\"@type\":\"Organization\",\"@id\":\"https:\\\/\\\/advabrahamsson.se\\\/#organization\",\"name\":\"Advokaterna Abrahamsson Soner\",\"url\":\"https:\\\/\\\/advabrahamsson.se\\\/\",\"logo\":{\"@type\":\"ImageObject\",\"inLanguage\":\"en-GB\",\"@id\":\"https:\\\/\\\/advabrahamsson.se\\\/#\\\/schema\\\/logo\\\/image\\\/\",\"url\":\"https:\\\/\\\/advabrahamsson.se\\\/wp-content\\\/uploads\\\/2020\\\/11\\\/Adv-Abrahamsson-color.png\",\"contentUrl\":\"https:\\\/\\\/advabrahamsson.se\\\/wp-content\\\/uploads\\\/2020\\\/11\\\/Adv-Abrahamsson-color.png\",\"width\":800,\"height\":451,\"caption\":\"Advokaterna Abrahamsson Soner\"},\"image\":{\"@id\":\"https:\\\/\\\/advabrahamsson.se\\\/#\\\/schema\\\/logo\\\/image\\\/\"},\"sameAs\":[\"https:\\\/\\\/www.facebook.com\\\/advokatabrahamsson\",\"https:\\\/\\\/www.instagram.com\\\/advokat.abrahamsson.soner\\\/\"]}]}<\/script>\n<!-- \/ Yoast SEO plugin. -->","yoast_head_json":{"title":"Allm\u00e4n praktik och tvister | Advokaterna Abrahamsson Soner","robots":{"index":"index","follow":"follow","max-snippet":"max-snippet:-1","max-image-preview":"max-image-preview:large","max-video-preview":"max-video-preview:-1"},"canonical":"https:\/\/advabrahamsson.se\/en\/allman-praktik-och-tvister\/","og_locale":"en_GB","og_type":"article","og_title":"Allm\u00e4n praktik och tvister | Advokaterna Abrahamsson Soner","og_description":"Allm\u00e4n praktik och tvister Som privatperson eller f\u00f6retag kan man ibland hamna i en situation d\u00e4r man inte kommer \u00f6verens med en annan part och beh\u00f6ver juridisk hj\u00e4lp att l\u00f6sa detta. Om du vill rikta krav mot n\u00e5gon annan eller sj\u00e4lv har mottagit krav kan du v\u00e4nda dig till oss f\u00f6r att f\u00e5 r\u00e5d och [&hellip;]","og_url":"https:\/\/advabrahamsson.se\/en\/allman-praktik-och-tvister\/","og_site_name":"Advokaterna Abrahamsson Soner","article_publisher":"https:\/\/www.facebook.com\/advokatabrahamsson","article_modified_time":"2021-01-10T22:15:00+00:00","og_image":[{"width":2560,"height":1440,"url":"https:\/\/advabrahamsson.se\/wp-content\/uploads\/2021\/01\/CS_Soner_18sep2020-25-scaled.jpg","type":"image\/jpeg"}],"twitter_card":"summary_large_image","twitter_misc":{"Estimated reading time":"2 minutes"},"schema":{"@context":"https:\/\/schema.org","@graph":[{"@type":"WebPage","@id":"https:\/\/advabrahamsson.se\/allman-praktik-och-tvister\/","url":"https:\/\/advabrahamsson.se\/allman-praktik-och-tvister\/","name":"Allm\u00e4n praktik och tvister | Advokaterna Abrahamsson Soner","isPartOf":{"@id":"https:\/\/advabrahamsson.se\/#website"},"datePublished":"2020-12-18T07:19:37+00:00","dateModified":"2021-01-10T22:15:00+00:00","breadcrumb":{"@id":"https:\/\/advabrahamsson.se\/allman-praktik-och-tvister\/#breadcrumb"},"inLanguage":"en-GB","potentialAction":[{"@type":"ReadAction","target":["https:\/\/advabrahamsson.se\/allman-praktik-och-tvister\/"]}]},{"@type":"BreadcrumbList","@id":"https:\/\/advabrahamsson.se\/allman-praktik-och-tvister\/#breadcrumb","itemListElement":[{"@type":"ListItem","position":1,"name":"Hem","item":"https:\/\/advabrahamsson.se\/"},{"@type":"ListItem","position":2,"name":"Allm\u00e4n praktik och tvister"}]},{"@type":"WebSite","@id":"https:\/\/advabrahamsson.se\/#website","url":"https:\/\/advabrahamsson.se\/","name":"Advokaterna Abrahamsson Soner","description":"Dina r\u00e4ttigheter. V\u00e5rt uppdrag.","publisher":{"@id":"https:\/\/advabrahamsson.se\/#organization"},"potentialAction":[{"@type":"SearchAction","target":{"@type":"EntryPoint","urlTemplate":"https:\/\/advabrahamsson.se\/?s={search_term_string}"},"query-input":{"@type":"PropertyValueSpecification","valueRequired":true,"valueName":"search_term_string"}}],"inLanguage":"en-GB"},{"@type":"Organization","@id":"https:\/\/advabrahamsson.se\/#organization","name":"Advokaterna Abrahamsson Soner","url":"https:\/\/advabrahamsson.se\/","logo":{"@type":"ImageObject","inLanguage":"en-GB","@id":"https:\/\/advabrahamsson.se\/#\/schema\/logo\/image\/","url":"https:\/\/advabrahamsson.se\/wp-content\/uploads\/2020\/11\/Adv-Abrahamsson-color.png","contentUrl":"https:\/\/advabrahamsson.se\/wp-content\/uploads\/2020\/11\/Adv-Abrahamsson-color.png","width":800,"height":451,"caption":"Advokaterna Abrahamsson Soner"},"image":{"@id":"https:\/\/advabrahamsson.se\/#\/schema\/logo\/image\/"},"sameAs":["https:\/\/www.facebook.com\/advokatabrahamsson","https:\/\/www.instagram.com\/advokat.abrahamsson.soner\/"]}]}},"_links":{"self":[{"href":"https:\/\/advabrahamsson.se\/en\/wp-json\/wp\/v2\/pages\/350","targetHints":{"allow":["GET"]}}],"collection":[{"href":"https:\/\/advabrahamsson.se\/en\/wp-json\/wp\/v2\/pages"}],"about":[{"href":"https:\/\/advabrahamsson.se\/en\/wp-json\/wp\/v2\/types\/page"}],"author":[{"embeddable":true,"href":"https:\/\/advabrahamsson.se\/en\/wp-json\/wp\/v2\/users\/1"}],"replies":[{"embeddable":true,"href":"https:\/\/advabrahamsson.se\/en\/wp-json\/wp\/v2\/comments?post=350"}],"version-history":[{"count":5,"href":"https:\/\/advabrahamsson.se\/en\/wp-json\/wp\/v2\/pages\/350\/revisions"}],"predecessor-version":[{"id":519,"href":"https:\/\/advabrahamsson.se\/en\/wp-json\/wp\/v2\/pages\/350\/revisions\/519"}],"wp:attachment":[{"href":"https:\/\/advabrahamsson.se\/en\/wp-json\/wp\/v2\/media?parent=350"}],"curies":[{"name":"wp","href":"https:\/\/api.w.org\/{rel}","templated":true}]}}