{"id":462,"date":"2020-12-28T15:32:30","date_gmt":"2020-12-28T15:32:30","guid":{"rendered":"http:\/\/dev.advabrahamsson.se\/?page_id=462"},"modified":"2020-12-28T15:32:30","modified_gmt":"2020-12-28T15:32:30","slug":"advokatsamfundets-konsumenttvistnamnd","status":"publish","type":"page","link":"https:\/\/advabrahamsson.se\/en\/advokatsamfundets-konsumenttvistnamnd\/","title":{"rendered":"Advokatsamfundets konsumenttvistn\u00e4mnd"},"content":{"rendered":"<p>[et_pb_section fb_built=&#8221;1&#8243; _builder_version=&#8221;4.7.4&#8243; _module_preset=&#8221;default&#8221;][et_pb_row _builder_version=&#8221;4.7.4&#8243; _module_preset=&#8221;default&#8221;][et_pb_column type=&#8221;4_4&#8243; _builder_version=&#8221;4.7.4&#8243; _module_preset=&#8221;default&#8221;][et_pb_text _builder_version=&#8221;4.7.7&#8243; _module_preset=&#8221;default&#8221; header_3_line_height=&#8221;1.5em&#8221; hover_enabled=&#8221;0&#8243; sticky_enabled=&#8221;0&#8243;]<\/p>\n<h3>Advokatsamfundets konsumenttvistn\u00e4mnd<\/h3>\n<p>Som advokater s\u00e5 regleras v\u00e5r verksamhet av en rad lagar och regler. De viktigaste reglerna f\u00f6r oss advokater kommer framg\u00e5r av Advokatsamfundets v\u00e4gledande regler f\u00f6r god advokatsed.<\/p>\n<p>Om det skulle uppst\u00e5 meningsskiljaktigheter ang\u00e5ende arvode eller andra ekonomiska krav mellan en advokat och dennes klient finns Advokatsamfundets konsumenttvistn\u00e4mnd (som \u00e4r en n\u00e4mnd f\u00f6r alternativ tvistl\u00f6sning som pr\u00f6var arvodestvister eller andra ekonomiska krav som en konsument riktar mot en advokat eller en advokatbyr\u00e5).<\/p>\n<p><strong>Konsumenttvistn\u00e4mnden Sveriges advokatsamfund<\/strong><br \/> Box 273 21<br \/> 102 54 Stockholm<br \/> <a href=\"http:\/\/www.advokatsamfundet.se\/konsumenttvistnamnden\/\">www.advokatsamfundet.se\/konsumenttvistnamnden<\/a><\/p>\n<p>[\/et_pb_text][\/et_pb_column][\/et_pb_row][\/et_pb_section]<\/p>\n","protected":false},"excerpt":{"rendered":"<p>Advokatsamfundets konsumenttvistn\u00e4mnd Som advokater s\u00e5 regleras v\u00e5r verksamhet av en rad lagar och regler. De viktigaste reglerna f\u00f6r oss advokater kommer framg\u00e5r av Advokatsamfundets v\u00e4gledande regler f\u00f6r god advokatsed. Om det skulle uppst\u00e5 meningsskiljaktigheter ang\u00e5ende arvode eller andra ekonomiska krav mellan en advokat och dennes klient finns Advokatsamfundets konsumenttvistn\u00e4mnd (som \u00e4r en n\u00e4mnd f\u00f6r alternativ [&hellip;]<\/p>\n","protected":false},"author":1,"featured_media":0,"parent":0,"menu_order":0,"comment_status":"closed","ping_status":"closed","template":"","meta":{"_et_pb_use_builder":"on","_et_pb_old_content":"","_et_gb_content_width":"","footnotes":""},"class_list":["post-462","page","type-page","status-publish","hentry"],"yoast_head":"<!-- This site is optimized with the Yoast SEO plugin v27.4 - https:\/\/yoast.com\/product\/yoast-seo-wordpress\/ -->\n<title>Advokatsamfundets konsumenttvistn\u00e4mnd | Advokaterna Abrahamsson Soner<\/title>\n<meta name=\"robots\" content=\"index, follow, max-snippet:-1, max-image-preview:large, max-video-preview:-1\" \/>\n<link rel=\"canonical\" href=\"https:\/\/advabrahamsson.se\/en\/advokatsamfundets-konsumenttvistnamnd\/\" \/>\n<meta property=\"og:locale\" content=\"en_GB\" \/>\n<meta property=\"og:type\" content=\"article\" \/>\n<meta property=\"og:title\" content=\"Advokatsamfundets konsumenttvistn\u00e4mnd | Advokaterna Abrahamsson Soner\" \/>\n<meta property=\"og:description\" content=\"Advokatsamfundets konsumenttvistn\u00e4mnd Som advokater s\u00e5 regleras v\u00e5r verksamhet av en rad lagar och regler. De viktigaste reglerna f\u00f6r oss advokater kommer framg\u00e5r av Advokatsamfundets v\u00e4gledande regler f\u00f6r god advokatsed. Om det skulle uppst\u00e5 meningsskiljaktigheter ang\u00e5ende arvode eller andra ekonomiska krav mellan en advokat och dennes klient finns Advokatsamfundets konsumenttvistn\u00e4mnd (som \u00e4r en n\u00e4mnd f\u00f6r alternativ [&hellip;]\" \/>\n<meta property=\"og:url\" content=\"https:\/\/advabrahamsson.se\/en\/advokatsamfundets-konsumenttvistnamnd\/\" \/>\n<meta property=\"og:site_name\" content=\"Advokaterna Abrahamsson Soner\" \/>\n<meta property=\"article:publisher\" content=\"https:\/\/www.facebook.com\/advokatabrahamsson\" \/>\n<meta property=\"og:image\" content=\"https:\/\/advabrahamsson.se\/wp-content\/uploads\/2021\/01\/CS_Soner_18sep2020-25-scaled.jpg\" \/>\n\t<meta property=\"og:image:width\" content=\"2560\" \/>\n\t<meta property=\"og:image:height\" content=\"1440\" \/>\n\t<meta property=\"og:image:type\" content=\"image\/jpeg\" \/>\n<meta name=\"twitter:card\" content=\"summary_large_image\" \/>\n<meta name=\"twitter:label1\" content=\"Estimated reading time\" \/>\n\t<meta name=\"twitter:data1\" content=\"1 minute\" \/>\n<script type=\"application\/ld+json\" class=\"yoast-schema-graph\">{\"@context\":\"https:\\\/\\\/schema.org\",\"@graph\":[{\"@type\":\"WebPage\",\"@id\":\"https:\\\/\\\/advabrahamsson.se\\\/advokatsamfundets-konsumenttvistnamnd\\\/\",\"url\":\"https:\\\/\\\/advabrahamsson.se\\\/advokatsamfundets-konsumenttvistnamnd\\\/\",\"name\":\"Advokatsamfundets konsumenttvistn\u00e4mnd | Advokaterna Abrahamsson Soner\",\"isPartOf\":{\"@id\":\"https:\\\/\\\/advabrahamsson.se\\\/#website\"},\"datePublished\":\"2020-12-28T15:32:30+00:00\",\"breadcrumb\":{\"@id\":\"https:\\\/\\\/advabrahamsson.se\\\/advokatsamfundets-konsumenttvistnamnd\\\/#breadcrumb\"},\"inLanguage\":\"en-GB\",\"potentialAction\":[{\"@type\":\"ReadAction\",\"target\":[\"https:\\\/\\\/advabrahamsson.se\\\/advokatsamfundets-konsumenttvistnamnd\\\/\"]}]},{\"@type\":\"BreadcrumbList\",\"@id\":\"https:\\\/\\\/advabrahamsson.se\\\/advokatsamfundets-konsumenttvistnamnd\\\/#breadcrumb\",\"itemListElement\":[{\"@type\":\"ListItem\",\"position\":1,\"name\":\"Hem\",\"item\":\"https:\\\/\\\/advabrahamsson.se\\\/\"},{\"@type\":\"ListItem\",\"position\":2,\"name\":\"Advokatsamfundets konsumenttvistn\u00e4mnd\"}]},{\"@type\":\"WebSite\",\"@id\":\"https:\\\/\\\/advabrahamsson.se\\\/#website\",\"url\":\"https:\\\/\\\/advabrahamsson.se\\\/\",\"name\":\"Advokaterna Abrahamsson Soner\",\"description\":\"Dina r\u00e4ttigheter. V\u00e5rt uppdrag.\",\"publisher\":{\"@id\":\"https:\\\/\\\/advabrahamsson.se\\\/#organization\"},\"potentialAction\":[{\"@type\":\"SearchAction\",\"target\":{\"@type\":\"EntryPoint\",\"urlTemplate\":\"https:\\\/\\\/advabrahamsson.se\\\/?s={search_term_string}\"},\"query-input\":{\"@type\":\"PropertyValueSpecification\",\"valueRequired\":true,\"valueName\":\"search_term_string\"}}],\"inLanguage\":\"en-GB\"},{\"@type\":\"Organization\",\"@id\":\"https:\\\/\\\/advabrahamsson.se\\\/#organization\",\"name\":\"Advokaterna Abrahamsson Soner\",\"url\":\"https:\\\/\\\/advabrahamsson.se\\\/\",\"logo\":{\"@type\":\"ImageObject\",\"inLanguage\":\"en-GB\",\"@id\":\"https:\\\/\\\/advabrahamsson.se\\\/#\\\/schema\\\/logo\\\/image\\\/\",\"url\":\"https:\\\/\\\/advabrahamsson.se\\\/wp-content\\\/uploads\\\/2020\\\/11\\\/Adv-Abrahamsson-color.png\",\"contentUrl\":\"https:\\\/\\\/advabrahamsson.se\\\/wp-content\\\/uploads\\\/2020\\\/11\\\/Adv-Abrahamsson-color.png\",\"width\":800,\"height\":451,\"caption\":\"Advokaterna Abrahamsson Soner\"},\"image\":{\"@id\":\"https:\\\/\\\/advabrahamsson.se\\\/#\\\/schema\\\/logo\\\/image\\\/\"},\"sameAs\":[\"https:\\\/\\\/www.facebook.com\\\/advokatabrahamsson\",\"https:\\\/\\\/www.instagram.com\\\/advokat.abrahamsson.soner\\\/\"]}]}<\/script>\n<!-- \/ Yoast SEO plugin. -->","yoast_head_json":{"title":"Advokatsamfundets konsumenttvistn\u00e4mnd | Advokaterna Abrahamsson Soner","robots":{"index":"index","follow":"follow","max-snippet":"max-snippet:-1","max-image-preview":"max-image-preview:large","max-video-preview":"max-video-preview:-1"},"canonical":"https:\/\/advabrahamsson.se\/en\/advokatsamfundets-konsumenttvistnamnd\/","og_locale":"en_GB","og_type":"article","og_title":"Advokatsamfundets konsumenttvistn\u00e4mnd | Advokaterna Abrahamsson Soner","og_description":"Advokatsamfundets konsumenttvistn\u00e4mnd Som advokater s\u00e5 regleras v\u00e5r verksamhet av en rad lagar och regler. De viktigaste reglerna f\u00f6r oss advokater kommer framg\u00e5r av Advokatsamfundets v\u00e4gledande regler f\u00f6r god advokatsed. Om det skulle uppst\u00e5 meningsskiljaktigheter ang\u00e5ende arvode eller andra ekonomiska krav mellan en advokat och dennes klient finns Advokatsamfundets konsumenttvistn\u00e4mnd (som \u00e4r en n\u00e4mnd f\u00f6r alternativ [&hellip;]","og_url":"https:\/\/advabrahamsson.se\/en\/advokatsamfundets-konsumenttvistnamnd\/","og_site_name":"Advokaterna Abrahamsson Soner","article_publisher":"https:\/\/www.facebook.com\/advokatabrahamsson","og_image":[{"width":2560,"height":1440,"url":"https:\/\/advabrahamsson.se\/wp-content\/uploads\/2021\/01\/CS_Soner_18sep2020-25-scaled.jpg","type":"image\/jpeg"}],"twitter_card":"summary_large_image","twitter_misc":{"Estimated reading time":"1 minute"},"schema":{"@context":"https:\/\/schema.org","@graph":[{"@type":"WebPage","@id":"https:\/\/advabrahamsson.se\/advokatsamfundets-konsumenttvistnamnd\/","url":"https:\/\/advabrahamsson.se\/advokatsamfundets-konsumenttvistnamnd\/","name":"Advokatsamfundets konsumenttvistn\u00e4mnd | Advokaterna Abrahamsson Soner","isPartOf":{"@id":"https:\/\/advabrahamsson.se\/#website"},"datePublished":"2020-12-28T15:32:30+00:00","breadcrumb":{"@id":"https:\/\/advabrahamsson.se\/advokatsamfundets-konsumenttvistnamnd\/#breadcrumb"},"inLanguage":"en-GB","potentialAction":[{"@type":"ReadAction","target":["https:\/\/advabrahamsson.se\/advokatsamfundets-konsumenttvistnamnd\/"]}]},{"@type":"BreadcrumbList","@id":"https:\/\/advabrahamsson.se\/advokatsamfundets-konsumenttvistnamnd\/#breadcrumb","itemListElement":[{"@type":"ListItem","position":1,"name":"Hem","item":"https:\/\/advabrahamsson.se\/"},{"@type":"ListItem","position":2,"name":"Advokatsamfundets konsumenttvistn\u00e4mnd"}]},{"@type":"WebSite","@id":"https:\/\/advabrahamsson.se\/#website","url":"https:\/\/advabrahamsson.se\/","name":"Advokaterna Abrahamsson Soner","description":"Dina r\u00e4ttigheter. V\u00e5rt uppdrag.","publisher":{"@id":"https:\/\/advabrahamsson.se\/#organization"},"potentialAction":[{"@type":"SearchAction","target":{"@type":"EntryPoint","urlTemplate":"https:\/\/advabrahamsson.se\/?s={search_term_string}"},"query-input":{"@type":"PropertyValueSpecification","valueRequired":true,"valueName":"search_term_string"}}],"inLanguage":"en-GB"},{"@type":"Organization","@id":"https:\/\/advabrahamsson.se\/#organization","name":"Advokaterna Abrahamsson Soner","url":"https:\/\/advabrahamsson.se\/","logo":{"@type":"ImageObject","inLanguage":"en-GB","@id":"https:\/\/advabrahamsson.se\/#\/schema\/logo\/image\/","url":"https:\/\/advabrahamsson.se\/wp-content\/uploads\/2020\/11\/Adv-Abrahamsson-color.png","contentUrl":"https:\/\/advabrahamsson.se\/wp-content\/uploads\/2020\/11\/Adv-Abrahamsson-color.png","width":800,"height":451,"caption":"Advokaterna Abrahamsson Soner"},"image":{"@id":"https:\/\/advabrahamsson.se\/#\/schema\/logo\/image\/"},"sameAs":["https:\/\/www.facebook.com\/advokatabrahamsson","https:\/\/www.instagram.com\/advokat.abrahamsson.soner\/"]}]}},"_links":{"self":[{"href":"https:\/\/advabrahamsson.se\/en\/wp-json\/wp\/v2\/pages\/462","targetHints":{"allow":["GET"]}}],"collection":[{"href":"https:\/\/advabrahamsson.se\/en\/wp-json\/wp\/v2\/pages"}],"about":[{"href":"https:\/\/advabrahamsson.se\/en\/wp-json\/wp\/v2\/types\/page"}],"author":[{"embeddable":true,"href":"https:\/\/advabrahamsson.se\/en\/wp-json\/wp\/v2\/users\/1"}],"replies":[{"embeddable":true,"href":"https:\/\/advabrahamsson.se\/en\/wp-json\/wp\/v2\/comments?post=462"}],"version-history":[{"count":3,"href":"https:\/\/advabrahamsson.se\/en\/wp-json\/wp\/v2\/pages\/462\/revisions"}],"predecessor-version":[{"id":466,"href":"https:\/\/advabrahamsson.se\/en\/wp-json\/wp\/v2\/pages\/462\/revisions\/466"}],"wp:attachment":[{"href":"https:\/\/advabrahamsson.se\/en\/wp-json\/wp\/v2\/media?parent=462"}],"curies":[{"name":"wp","href":"https:\/\/api.w.org\/{rel}","templated":true}]}}